{"id":3874,"date":"2019-10-08T12:27:37","date_gmt":"2019-10-08T10:27:37","guid":{"rendered":"https:\/\/www.tonon.it\/privacy-policy\/"},"modified":"2020-04-30T17:39:19","modified_gmt":"2020-04-30T15:39:19","slug":"privacy-policy","status":"publish","type":"page","link":"https:\/\/www.tonon.it\/fr\/privacy-policy\/","title":{"rendered":"Privacy Policy"},"content":{"rendered":"\t\t<div data-elementor-type=\"wp-page\" data-elementor-id=\"3874\" class=\"elementor elementor-3874 elementor-3\" data-elementor-post-type=\"page\">\n\t\t\t\t\t\t<section class=\"elementor-section elementor-top-section elementor-element elementor-element-29e0b877 elementor-section-boxed elementor-section-height-default elementor-section-height-default\" data-id=\"29e0b877\" data-element_type=\"section\">\n\t\t\t\t\t\t<div class=\"elementor-container elementor-column-gap-default\">\n\t\t\t\t\t<div class=\"elementor-column elementor-col-100 elementor-top-column elementor-element elementor-element-19e1b6d0\" data-id=\"19e1b6d0\" data-element_type=\"column\">\n\t\t\t<div class=\"elementor-widget-wrap elementor-element-populated\">\n\t\t\t\t\t\t<div class=\"elementor-element elementor-element-744aa46b elementor-widget elementor-widget-text-editor\" data-id=\"744aa46b\" data-element_type=\"widget\" data-widget_type=\"text-editor.default\">\n\t\t\t\t<div class=\"elementor-widget-container\">\n\t\t\t\t\t\t\t\t\t<p style=\"text-align: center;\"><strong>INFORMATIONS SUR LE TRAITEMENT DES DONN\u0112ES PERSONNELLES<\/strong><\/p>\n<p><strong>\u00a0<\/strong><\/p>\n<p>Tonon Evolution Srl, ayant son si\u00e8ge social \u00e0 via Concordia n.1, 31046 Oderzo (TV), en tant que propri\u00e9taire du traitement de vos donn\u00e9es personnelles (ci-apr\u00e8s \u00ab\u00a0propri\u00e9taire\u00a0\u00bb), publie ces informations conform\u00e9ment aux r\u00e9glementations europ\u00e9ennes et italiennes sur la protection des donn\u00e9es personnelles, afin de faire conna\u00eetre les finalit\u00e9s et modalit\u00e9s de traitement des donn\u00e9es personnelles susceptibles d&rsquo;\u00eatre communiqu\u00e9es lors de la navigation sur ce site (ci-apr\u00e8s le \u00ab\u00a0site\u00a0\u00bb).<\/p>\n<p>Il est \u00e0 noter que ces informations ne concernent que le Site et non les sites Internet de tiers auxquels l&rsquo;Utilisateur peut acc\u00e9der via les liens qui y figurent.<\/p>\n<p>\u00a0<\/p>\n<p><u>CAT\u0112GORIES DE DONN\u0112ES TRAIT\u0112ES<\/u><\/p>\n<p><strong>Donn\u00e9es de navigation<\/strong><\/p>\n<p>Au cours de leur fonctionnement normal, les syst\u00e8mes informatiques et les proc\u00e9dures logicielles utilis\u00e9es pour faire fonctionner ce site Web acqui\u00e8rent certaines donn\u00e9es personnelles dont la transmission est implicite dans l&rsquo;utilisation des protocoles de communication Internet. Il sagit d&rsquo;informations qui ne sont pas collect\u00e9es pour \u00eatre associ\u00e9es \u00e0 des parties int\u00e9ress\u00e9es identifi\u00e9es, mais qui, par leur nature m\u00eame, pourraient, gr\u00e2ce au traitement et \u00e0 l&rsquo;association avec des donn\u00e9es d\u00e9tenues par des tiers, permettre d&rsquo;identifier les utilisateurs. Cette cat\u00e9gorie de donn\u00e9es comprend, par exemple, les adresses IP ou les noms de domaine des ordinateurs utilis\u00e9s par les utilisateurs qui se connectent au site, les adresses en notation URI (Uniform Resource Identifier) des ressources demand\u00e9es, l&rsquo;heure de la demande, la m\u00e9thode utilis\u00e9 pour soumettre la demande au serveur, la taille du fichier obtenu en r\u00e9ponse, le code num\u00e9rique indiquant l&rsquo;\u00e9tat de la r\u00e9ponse donn\u00e9e par le serveur (succ\u00e8s, erreur, etc.) et d&rsquo;autres param\u00e8tres relatifs au syst\u00e8me d&rsquo;exploitation et \u00e0 l&rsquo;environnement informatique de l&rsquo;utilisateur. Ces donn\u00e9es sont utilis\u00e9es dans le seul but d&rsquo;obtenir des informations statistiques anonymes sur l&rsquo;utilisation du site et de v\u00e9rifier son bon fontionnement et sont supprim\u00e9es imm\u00e9diatement apr\u00e8s le traitement.<\/p>\n<p><strong>Donn\u00e9es fournies volontairement par l&rsquo;utilisateur<\/strong><\/p>\n<p>L&rsquo;envoi d&rsquo;e-mails aux adresses indiqu\u00e9es sur le Site-facultatif, explicite et volontaire &#8211; implique l&rsquo;acquisition ult\u00e9rieure de l&rsquo;adresse e-mail, n\u00e9cessaire pour r\u00e9pondre aux demandes, ainsi que de toutes autres donn\u00e9es personnelles susceptibles d&rsquo;\u00eatre communiqu\u00e9es. Le site contient des formulaires de complilation, accompagn\u00e9s d&rsquo;informations sp\u00e9cifiques sur le traitement des donn\u00e9es personnelles effectu\u00e9 et, le cas \u00e9ch\u00e9ant, de demandes de consentement: nous vous invitons donc \u00e0 le lire avant de proc\u00e9der \u00e0 l&rsquo;utilisation du formulaire.<\/p>\n<p><strong>Cookies<\/strong><\/p>\n<p>Pour toute information concernant l&rsquo;utilisation des cookies par le Site, consultez les informations sp\u00e9cifiques en cliquant <a href=\"https:\/\/www.tonon.it\/fr\/cookies-policy\/\">ici<\/a>.<\/p>\n<p>\u00a0<\/p>\n<p><u>OBJECTIF ET BASE JURIDIQUE DU TRAITEMENT, NATURE DE LA FOURNITURE DE DONN\u0112ES ET CONS\u0112QUENCES EN CAS DE REFUS<\/u><\/p>\n<p>Le responsable du traitement traitera les donn\u00e9es de l&rsquo;utilisateur pour faciliter la navigation et fournir tous les services demand\u00e9s via les formulaires sp\u00e9cialement pr\u00e9par\u00e9s sur le site. Sauf indication contraire pour les donn\u00e9es de navigation et les cookies techniques, dans les sections du site pr\u00e9par\u00e9es pour des services particuliers sur demande, vous serez libre de fournir vos donn\u00e9es personnelles aux fins indiqu\u00e9es dans les informations respectives, mais le fait de ne pas les fournir peut rendre impossible l&rsquo;obtention du service demand\u00e9.<\/p>\n<p>\u00a0<\/p>\n<p><u>P\u0112RIODE DE CONSERVATION DES DONN\u0112ES <\/u><\/p>\n<p>Le responsable du traitement traitera les donn\u00e9es personnelles collect\u00e9es par le biais de l&rsquo;utilisation du Site pendant le temps strictement n\u00e9cessaire \u00e0 la r\u00e9alisation des finalit\u00e9s pour lesquelles elles ont \u00e9t\u00e9 collect\u00e9es et, une fois celle-ci termin\u00e9es, pour les d\u00e9lais \u00e9ventuellement fix\u00e9s par la r\u00e9glementation en vigueur.<\/p>\n<p>Pour plus de d\u00e9tails, veuillez vous r\u00e9f\u00e9rer aux informations pr\u00e9par\u00e9es pour des services particuliers.<\/p>\n<p>\u00a0<\/p>\n<p><u>PORT\u0112E DE LA COMMUNICATION DES DONN\u0112ES ET CAT\u0112GORIES DE B\u0112N\u0112FICIAIRES<\/u><\/p>\n<p>Le responsable du traitement ne diffusera pas les donn\u00e9es, mais a l&rsquo;intention de les communiquer aux personnes internes autoris\u00e9es \u00e0 les traiter sur la base de leurs fonctions respectives, ainsi qu&rsquo;aux sujets externes auxquels il est n\u00e9cessaire de communiquer les donn\u00e9es. Ces destinataires, s&rsquo;ils devaient traiter les donn\u00e9es pour le compte du responsable du traitement, seront d\u00e9sign\u00e9s comme sous-traitants avec un contrat sp\u00e9cifique ou un autre acte juridique.<\/p>\n<p>Pour plus de d\u00e9tails, veuillez vous r\u00e9f\u00e9rer aux informations pr\u00e9par\u00e9es pour des services particuliers.<\/p>\n<p>\u00a0<\/p>\n<p><u>TRANSFERT DE DONN\u0112ES \u0100 UN PAYS TIERS ET\/OU \u0100 UNE ORGANISATION INTERNATIONALE<\/u><\/p>\n<p>Les donn\u00e9es personnelles ne seront normalement pas transf\u00e9r\u00e9es vers des pays tiers non europ\u00e9ens ou des organisations internationales. Il convient toutefois de noter que le responsable du traitement utilise certains services informatiques dans le cloud qui peuvent impliquer un traitement de donn\u00e9es via des serveurs ou des \u00e9quipements informatiques situ\u00e9s aux \u0112tats-Unis d&rsquo;Am\u00e9rique: cela se fera dans le respect des garanties sp\u00e9cifiques de protection des donn\u00e9es personnelles envisag\u00e9es par l&rsquo;accord conclu entre les \u0112tats-Unis et l&rsquo;Union europ\u00e9enne, appel\u00e9 le bouclier de protection des donn\u00e9es, auquel le gestionnaire de services a adh\u00e9r\u00e9.<\/p>\n<p>\u00a0<\/p>\n<p><u>DROITS DES PARTIES INT\u0112RESS\u0112ES<\/u><\/p>\n<p>L&rsquo;utilisateur a le droit de demander au responsable du traitement d&rsquo;acc\u00e9der \u00e0 ses donn\u00e9es personnelles et de les corriger si elles sont inexactes, de les supprimer ou de limiter leur traitement si les conditions sont remplies, de s&rsquo;opposer \u00e0 leur traitement pour des int\u00e9r\u00eats l\u00e9gitimes poursuivis par le responsable du traitement, ainsi que d&rsquo;obtenir la portabilit\u00e9 du donn\u00e9es personnelles fournies uniquement si elles font l&rsquo;objet d&rsquo;un traitrement automatis\u00e9 bas\u00e9 sur le consentement ou le contrat. Vous avez \u00e9galement le droit de retirer le consentement donn\u00e9 aux fins de traitement qui l&rsquo;exigent, sans pr\u00e9judice de la l\u00e9galit\u00e9 du traitement effectu\u00e9 jusqu&rsquo;au moment de la r\u00e9vocation.<\/p>\n<p>\u00a0<\/p>\n<p>Pour exercer ses droits, l&rsquo;Utilisateur peut utiliser le formulaire disponible sur le site internet de l&rsquo;autorit\u00e9 de contr\u00f4le comp\u00e9tente en la mati\u00e8re, Garant de la protection des donn\u00e9es personnelles (www.garanteprivacy.it) et le transmettre \u00e0 l&rsquo;adresse suivante: privacy@tonon.it. L&rsquo;Utilisateur a \u00e9galement le droit de d\u00e9poser une r\u00e9clamation aupr\u00e8s du Garant pour la protection des donn\u00e9es personnelles.<\/p>\n<p>Derni\u00e8re mise \u00e0 jour: mars 2019<\/p>\n<p>Ces informations peuvent \u00eatre sujettes \u00e0 modification: nous vous recommandons donc de v\u00e9rifier la date de la derni\u00e8re r\u00e9vision. Tout changement prendra effet \u00e0 compter de la date de publication sur le site.<\/p>\n<p><!-- <\/p>\t\t\t\t\t\t\t\t<\/div>\n\t\t\t\t<\/div>\n\t\t\t\t\t<\/div>\n\t\t<\/div>\n\t\t\t\t\t<\/div>\n\t\t<\/section>\n\t\t\t\t<\/div>\n\t\t","protected":false},"excerpt":{"rendered":"<p>INFORMATIONS SUR LE TRAITEMENT DES DONN\u0112ES PERSONNELLES &nbsp; Tonon Evolution Srl, ayant son si\u00e8ge social \u00e0 via Concordia n.1, 31046 Oderzo (TV), en tant que propri\u00e9taire du traitement de vos donn\u00e9es personnelles (ci-apr\u00e8s \u00ab\u00a0propri\u00e9taire\u00a0\u00bb), publie ces informations conform\u00e9ment aux r\u00e9glementations europ\u00e9ennes et italiennes sur la protection des donn\u00e9es personnelles, afin de faire conna\u00eetre les finalit\u00e9s [&hellip;]<\/p>\n","protected":false},"author":1,"featured_media":0,"parent":0,"menu_order":0,"comment_status":"closed","ping_status":"open","template":"","meta":{"_acf_changed":false,"footnotes":""},"class_list":["post-3874","page","type-page","status-publish","hentry"],"acf":[],"_links":{"self":[{"href":"https:\/\/www.tonon.it\/fr\/wp-json\/wp\/v2\/pages\/3874","targetHints":{"allow":["GET"]}}],"collection":[{"href":"https:\/\/www.tonon.it\/fr\/wp-json\/wp\/v2\/pages"}],"about":[{"href":"https:\/\/www.tonon.it\/fr\/wp-json\/wp\/v2\/types\/page"}],"author":[{"embeddable":true,"href":"https:\/\/www.tonon.it\/fr\/wp-json\/wp\/v2\/users\/1"}],"replies":[{"embeddable":true,"href":"https:\/\/www.tonon.it\/fr\/wp-json\/wp\/v2\/comments?post=3874"}],"version-history":[{"count":18,"href":"https:\/\/www.tonon.it\/fr\/wp-json\/wp\/v2\/pages\/3874\/revisions"}],"predecessor-version":[{"id":5586,"href":"https:\/\/www.tonon.it\/fr\/wp-json\/wp\/v2\/pages\/3874\/revisions\/5586"}],"wp:attachment":[{"href":"https:\/\/www.tonon.it\/fr\/wp-json\/wp\/v2\/media?parent=3874"}],"curies":[{"name":"wp","href":"https:\/\/api.w.org\/{rel}","templated":true}]}}