{"id":3867,"date":"2019-10-15T09:42:57","date_gmt":"2019-10-15T07:42:57","guid":{"rendered":"https:\/\/www.tonon.it\/news-events\/"},"modified":"2020-04-21T16:45:42","modified_gmt":"2020-04-21T14:45:42","slug":"news-events","status":"publish","type":"page","link":"https:\/\/www.tonon.it\/fr\/news-events\/","title":{"rendered":"News \/ Events"},"content":{"rendered":"\t\t<div data-elementor-type=\"wp-page\" data-elementor-id=\"3867\" class=\"elementor elementor-3867 elementor-606\" data-elementor-post-type=\"page\">\n\t\t\t\t\t\t<section class=\"elementor-section elementor-top-section elementor-element elementor-element-652be2b elementor-section-full_width elementor-section-height-default elementor-section-height-default\" data-id=\"652be2b\" data-element_type=\"section\">\n\t\t\t\t\t\t<div class=\"elementor-container elementor-column-gap-default\">\n\t\t\t\t\t<div class=\"elementor-column elementor-col-100 elementor-top-column elementor-element elementor-element-cd78aed\" data-id=\"cd78aed\" data-element_type=\"column\">\n\t\t\t<div class=\"elementor-widget-wrap elementor-element-populated\">\n\t\t\t\t\t\t<div class=\"elementor-element elementor-element-d04bfbd elementor-icon-list--layout-inline elementor-align-center elementor-list-item-link-full_width elementor-widget elementor-widget-icon-list\" data-id=\"d04bfbd\" data-element_type=\"widget\" data-widget_type=\"icon-list.default\">\n\t\t\t\t<div class=\"elementor-widget-container\">\n\t\t\t\t\t\t\t<ul class=\"elementor-icon-list-items elementor-inline-items\">\n\t\t\t\t\t\t\t<li class=\"elementor-icon-list-item elementor-inline-item\">\n\t\t\t\t\t\t\t\t\t\t\t<a href=\"https:\/\/www.tonon.it\/news-events\/\">\n\n\t\t\t\t\t\t\t\t\t\t\t<span class=\"elementor-icon-list-text\"><span classe=\"filtroattivo\" style=\"color:#dd042c;\">TUTTE LE NEWS<\/span><\/span>\n\t\t\t\t\t\t\t\t\t\t\t<\/a>\n\t\t\t\t\t\t\t\t\t<\/li>\n\t\t\t\t\t\t\t\t<li class=\"elementor-icon-list-item elementor-inline-item\">\n\t\t\t\t\t\t\t\t\t\t\t<a href=\"https:\/\/www.tonon.it\/news\/\">\n\n\t\t\t\t\t\t\t\t\t\t\t<span class=\"elementor-icon-list-text\">NEWS<\/span>\n\t\t\t\t\t\t\t\t\t\t\t<\/a>\n\t\t\t\t\t\t\t\t\t<\/li>\n\t\t\t\t\t\t\t\t<li class=\"elementor-icon-list-item elementor-inline-item\">\n\t\t\t\t\t\t\t\t\t\t\t<a href=\"https:\/\/www.tonon.it\/events\/\">\n\n\t\t\t\t\t\t\t\t\t\t\t<span class=\"elementor-icon-list-text\">EVENTS<\/span>\n\t\t\t\t\t\t\t\t\t\t\t<\/a>\n\t\t\t\t\t\t\t\t\t<\/li>\n\t\t\t\t\t\t<\/ul>\n\t\t\t\t\t\t<\/div>\n\t\t\t\t<\/div>\n\t\t\t\t<div class=\"elementor-element elementor-element-19b4427 elementor-grid-3 elementor-grid-tablet-2 elementor-grid-mobile-1 elementor-posts--thumbnail-top elementor-card-shadow-yes elementor-posts__hover-gradient elementor-widget elementor-widget-global elementor-global-598 elementor-widget-posts\" data-id=\"19b4427\" data-element_type=\"widget\" data-settings=\"{&quot;pagination_type&quot;:&quot;numbers_and_prev_next&quot;,&quot;motion_fx_motion_fx_scrolling&quot;:&quot;yes&quot;,&quot;motion_fx_translateY_effect&quot;:&quot;yes&quot;,&quot;_animation_tablet&quot;:&quot;none&quot;,&quot;_animation_mobile&quot;:&quot;none&quot;,&quot;cards_columns&quot;:&quot;3&quot;,&quot;cards_columns_tablet&quot;:&quot;2&quot;,&quot;cards_columns_mobile&quot;:&quot;1&quot;,&quot;cards_row_gap&quot;:{&quot;unit&quot;:&quot;px&quot;,&quot;size&quot;:35,&quot;sizes&quot;:[]},&quot;cards_row_gap_tablet&quot;:{&quot;unit&quot;:&quot;px&quot;,&quot;size&quot;:&quot;&quot;,&quot;sizes&quot;:[]},&quot;cards_row_gap_mobile&quot;:{&quot;unit&quot;:&quot;px&quot;,&quot;size&quot;:&quot;&quot;,&quot;sizes&quot;:[]},&quot;motion_fx_translateY_speed&quot;:{&quot;unit&quot;:&quot;px&quot;,&quot;size&quot;:4,&quot;sizes&quot;:[]},&quot;motion_fx_translateY_affectedRange&quot;:{&quot;unit&quot;:&quot;%&quot;,&quot;size&quot;:&quot;&quot;,&quot;sizes&quot;:{&quot;start&quot;:0,&quot;end&quot;:100}},&quot;motion_fx_devices&quot;:[&quot;desktop&quot;,&quot;tablet&quot;,&quot;mobile&quot;]}\" data-widget_type=\"posts.cards\">\n\t\t\t\t<div class=\"elementor-widget-container\">\n\t\t\t\t\t\t\t<div class=\"elementor-posts-container elementor-posts elementor-posts--skin-cards elementor-grid\">\n\t\t\t\t<article class=\"elementor-post elementor-grid-item post-7879 post type-post status-publish format-standard hentry category-events-en-fr category-news-fr\">\n\t\t\t<div class=\"elementor-post__card\">\n\t\t\t\t<div class=\"elementor-post__text\">\n\t\t\t\t<h3 class=\"elementor-post__title\">\n\t\t\t<a href=\"https:\/\/www.tonon.it\/fr\/2024\/04\/12\/in-occasione-del-prossimo-fuorisalone-a-milano-in-via-carroccio-6-myte-presenta-la-nuova-collezione-di-termoarredi-warming-art-di-luigi-notarnicola\/\" >\n\t\t\t\tIn occasione del prossimo fuorisalone a Milano in Via Carroccio 6, Myte presenta la nuova collezione di termoarredi  Warming Art di Luigi Notarnicola\t\t\t<\/a>\n\t\t<\/h3>\n\t\t\t\t<div class=\"elementor-post__excerpt\">\n\t\t\t\t\t<\/div>\n\t\t\n\t\t<a class=\"elementor-post__read-more\" href=\"https:\/\/www.tonon.it\/fr\/2024\/04\/12\/in-occasione-del-prossimo-fuorisalone-a-milano-in-via-carroccio-6-myte-presenta-la-nuova-collezione-di-termoarredi-warming-art-di-luigi-notarnicola\/\" aria-label=\"En savoir plus sur In occasione del prossimo fuorisalone a Milano in Via Carroccio 6, Myte presenta la nuova collezione di termoarredi  Warming Art di Luigi Notarnicola\" tabindex=\"-1\" >\n\t\t\t<img decoding=\"async\" style=\"margin-bottom: 3px;margin-right: 5px\" src=\"\/wp-content\/uploads\/2019\/10\/elemento_grafico.gif\" alt=\"leggitutto\"> LEGGI TUTTO\t\t<\/a>\n\n\t\t\t\t<\/div>\n\t\t\t\t<div class=\"elementor-post__meta-data\">\n\t\t\t\t\t<span class=\"elementor-post-date\">\n\t\t\t12 avril 2024\t\t<\/span>\n\t\t\t\t<\/div>\n\t\t\t\t\t<\/div>\n\t\t<\/article>\n\t\t\t\t<article class=\"elementor-post elementor-grid-item post-5123 post type-post status-publish format-standard has-post-thumbnail hentry category-events-fr\">\n\t\t\t<div class=\"elementor-post__card\">\n\t\t\t\t<a class=\"elementor-post__thumbnail__link\" href=\"https:\/\/www.tonon.it\/fr\/2020\/02\/03\/interior-mebel\/\" tabindex=\"-1\" ><div class=\"elementor-post__thumbnail\"><img fetchpriority=\"high\" decoding=\"async\" width=\"300\" height=\"250\" src=\"https:\/\/www.tonon.it\/wp-content\/uploads\/2020\/01\/popup_kiev-300x250.jpg\" class=\"attachment-medium size-medium wp-image-3096\" alt=\"\" srcset=\"https:\/\/www.tonon.it\/wp-content\/uploads\/2020\/01\/popup_kiev-300x250.jpg 300w, https:\/\/www.tonon.it\/wp-content\/uploads\/2020\/01\/popup_kiev-768x640.jpg 768w, https:\/\/www.tonon.it\/wp-content\/uploads\/2020\/01\/popup_kiev-1030x859.jpg 1030w, https:\/\/www.tonon.it\/wp-content\/uploads\/2020\/01\/popup_kiev-705x588.jpg 705w, https:\/\/www.tonon.it\/wp-content\/uploads\/2020\/01\/popup_kiev-450x375.jpg 450w, https:\/\/www.tonon.it\/wp-content\/uploads\/2020\/01\/popup_kiev.jpg 1250w\" sizes=\"(max-width: 300px) 100vw, 300px\" \/><\/div><\/a>\n\t\t\t\t<div class=\"elementor-post__badge\">\u00c9v\u00e9nements<\/div>\n\t\t\t\t<div class=\"elementor-post__text\">\n\t\t\t\t<h3 class=\"elementor-post__title\">\n\t\t\t<a href=\"https:\/\/www.tonon.it\/fr\/2020\/02\/03\/interior-mebel\/\" >\n\t\t\t\tINTERIOR MEBEL\t\t\t<\/a>\n\t\t<\/h3>\n\t\t\t\t<div class=\"elementor-post__excerpt\">\n\t\t\t<p>Le salon international du meuble \u00e0 Kiev INTERIEUR MEBEL 5-9 FEVRIER 2020 KievTonon Evolution participe \u00e0 Interior Mebel 2020, le salon international du meubleFocus de<\/p>\n\t\t<\/div>\n\t\t\n\t\t<a class=\"elementor-post__read-more\" href=\"https:\/\/www.tonon.it\/fr\/2020\/02\/03\/interior-mebel\/\" aria-label=\"En savoir plus sur INTERIOR MEBEL\" tabindex=\"-1\" >\n\t\t\t<img decoding=\"async\" style=\"margin-bottom: 3px;margin-right: 5px\" src=\"\/wp-content\/uploads\/2019\/10\/elemento_grafico.gif\" alt=\"leggitutto\"> LEGGI TUTTO\t\t<\/a>\n\n\t\t\t\t<\/div>\n\t\t\t\t<div class=\"elementor-post__meta-data\">\n\t\t\t\t\t<span class=\"elementor-post-date\">\n\t\t\t3 f\u00e9vrier 2020\t\t<\/span>\n\t\t\t\t<\/div>\n\t\t\t\t\t<\/div>\n\t\t<\/article>\n\t\t\t\t<article class=\"elementor-post elementor-grid-item post-5125 post type-post status-publish format-standard has-post-thumbnail hentry category-news-fr\">\n\t\t\t<div class=\"elementor-post__card\">\n\t\t\t\t<a class=\"elementor-post__thumbnail__link\" href=\"https:\/\/www.tonon.it\/fr\/2020\/01\/31\/vert-energie-evo\/\" tabindex=\"-1\" ><div class=\"elementor-post__thumbnail\"><img decoding=\"async\" width=\"300\" height=\"198\" src=\"https:\/\/www.tonon.it\/wp-content\/uploads\/2020\/01\/greeneconomy_611x403-300x198.jpg\" class=\"attachment-medium size-medium wp-image-3479\" alt=\"\" srcset=\"https:\/\/www.tonon.it\/wp-content\/uploads\/2020\/01\/greeneconomy_611x403-300x198.jpg 300w, https:\/\/www.tonon.it\/wp-content\/uploads\/2020\/01\/greeneconomy_611x403-450x297.jpg 450w, https:\/\/www.tonon.it\/wp-content\/uploads\/2020\/01\/greeneconomy_611x403.jpg 611w\" sizes=\"(max-width: 300px) 100vw, 300px\" \/><\/div><\/a>\n\t\t\t\t<div class=\"elementor-post__badge\">News<\/div>\n\t\t\t\t<div class=\"elementor-post__text\">\n\t\t\t\t<h3 class=\"elementor-post__title\">\n\t\t\t<a href=\"https:\/\/www.tonon.it\/fr\/2020\/01\/31\/vert-energie-evo\/\" >\n\t\t\t\tGREEN &#038; ENERGY EVO\t\t\t<\/a>\n\t\t<\/h3>\n\t\t\t\t<div class=\"elementor-post__excerpt\">\n\t\t\t<p>Les multiples variations des \u00e9nergies renouvelables. \u00a0 L&lsquo;\u00e9nergie renouvelable est l&rsquo;\u00e9nergie qui est collect\u00e9e \u00e0 partir de ressources renouvelables, qui sont naturellement r\u00e9int\u00e9gr\u00e9es \u00e0 l&rsquo;\u00e9chelle<\/p>\n\t\t<\/div>\n\t\t\n\t\t<a class=\"elementor-post__read-more\" href=\"https:\/\/www.tonon.it\/fr\/2020\/01\/31\/vert-energie-evo\/\" aria-label=\"En savoir plus sur GREEN &#038; ENERGY EVO\" tabindex=\"-1\" >\n\t\t\t<img decoding=\"async\" style=\"margin-bottom: 3px;margin-right: 5px\" src=\"\/wp-content\/uploads\/2019\/10\/elemento_grafico.gif\" alt=\"leggitutto\"> LEGGI TUTTO\t\t<\/a>\n\n\t\t\t\t<\/div>\n\t\t\t\t<div class=\"elementor-post__meta-data\">\n\t\t\t\t\t<span class=\"elementor-post-date\">\n\t\t\t31 janvier 2020\t\t<\/span>\n\t\t\t\t<\/div>\n\t\t\t\t\t<\/div>\n\t\t<\/article>\n\t\t\t\t<article class=\"elementor-post elementor-grid-item post-5127 post type-post status-publish format-standard has-post-thumbnail hentry category-news-fr\">\n\t\t\t<div class=\"elementor-post__card\">\n\t\t\t\t<a class=\"elementor-post__thumbnail__link\" href=\"https:\/\/www.tonon.it\/fr\/2020\/01\/01\/colore-dellanno-2020\/\" tabindex=\"-1\" ><div class=\"elementor-post__thumbnail\"><img decoding=\"async\" width=\"300\" height=\"198\" src=\"https:\/\/www.tonon.it\/wp-content\/uploads\/2020\/01\/coloroftheyear_611x403-300x198.jpg\" class=\"attachment-medium size-medium wp-image-3474\" alt=\"\" srcset=\"https:\/\/www.tonon.it\/wp-content\/uploads\/2020\/01\/coloroftheyear_611x403-300x198.jpg 300w, https:\/\/www.tonon.it\/wp-content\/uploads\/2020\/01\/coloroftheyear_611x403-450x297.jpg 450w, https:\/\/www.tonon.it\/wp-content\/uploads\/2020\/01\/coloroftheyear_611x403.jpg 611w\" sizes=\"(max-width: 300px) 100vw, 300px\" \/><\/div><\/a>\n\t\t\t\t<div class=\"elementor-post__badge\">News<\/div>\n\t\t\t\t<div class=\"elementor-post__text\">\n\t\t\t\t<h3 class=\"elementor-post__title\">\n\t\t\t<a href=\"https:\/\/www.tonon.it\/fr\/2020\/01\/01\/colore-dellanno-2020\/\" >\n\t\t\t\tCOULEUR DE L&rsquo;ANN\u00c9E 2020\t\t\t<\/a>\n\t\t<\/h3>\n\t\t\t\t<div class=\"elementor-post__excerpt\">\n\t\t\t<p>En insufflant calme, confiance et sens de la connexion, cette nuance de bleu intemporelle met en \u00e9vidence notre d\u00e9sir d&rsquo;une base stable et fiable \u00e0<\/p>\n\t\t<\/div>\n\t\t\n\t\t<a class=\"elementor-post__read-more\" href=\"https:\/\/www.tonon.it\/fr\/2020\/01\/01\/colore-dellanno-2020\/\" aria-label=\"En savoir plus sur COULEUR DE L&rsquo;ANN\u00c9E 2020\" tabindex=\"-1\" >\n\t\t\t<img decoding=\"async\" style=\"margin-bottom: 3px;margin-right: 5px\" src=\"\/wp-content\/uploads\/2019\/10\/elemento_grafico.gif\" alt=\"leggitutto\"> LEGGI TUTTO\t\t<\/a>\n\n\t\t\t\t<\/div>\n\t\t\t\t<div class=\"elementor-post__meta-data\">\n\t\t\t\t\t<span class=\"elementor-post-date\">\n\t\t\t1 janvier 2020\t\t<\/span>\n\t\t\t\t<\/div>\n\t\t\t\t\t<\/div>\n\t\t<\/article>\n\t\t\t\t<article class=\"elementor-post elementor-grid-item post-5129 post type-post status-publish format-standard has-post-thumbnail hentry category-events-fr\">\n\t\t\t<div class=\"elementor-post__card\">\n\t\t\t\t<a class=\"elementor-post__thumbnail__link\" href=\"https:\/\/www.tonon.it\/fr\/2019\/12\/04\/dubai-2019\/\" tabindex=\"-1\" ><div class=\"elementor-post__thumbnail\"><img loading=\"lazy\" decoding=\"async\" width=\"300\" height=\"198\" src=\"https:\/\/www.tonon.it\/wp-content\/uploads\/2019\/12\/dubai_611x403-300x198.png\" class=\"attachment-medium size-medium wp-image-3570\" alt=\"\" srcset=\"https:\/\/www.tonon.it\/wp-content\/uploads\/2019\/12\/dubai_611x403-300x198.png 300w, https:\/\/www.tonon.it\/wp-content\/uploads\/2019\/12\/dubai_611x403-450x297.png 450w, https:\/\/www.tonon.it\/wp-content\/uploads\/2019\/12\/dubai_611x403.png 611w\" sizes=\"(max-width: 300px) 100vw, 300px\" \/><\/div><\/a>\n\t\t\t\t<div class=\"elementor-post__badge\">\u00c9v\u00e9nements<\/div>\n\t\t\t\t<div class=\"elementor-post__text\">\n\t\t\t\t<h3 class=\"elementor-post__title\">\n\t\t\t<a href=\"https:\/\/www.tonon.it\/fr\/2019\/12\/04\/dubai-2019\/\" >\n\t\t\t\tDUBAI 2019\t\t\t<\/a>\n\t\t<\/h3>\n\t\t\t\t<div class=\"elementor-post__excerpt\">\n\t\t\t<p>The Big 5: Salon international du b\u00e2timent et de la construction Tonon Evolution en collaboration avec la Chambre de Commerce de Dubai participe au Big<\/p>\n\t\t<\/div>\n\t\t\n\t\t<a class=\"elementor-post__read-more\" href=\"https:\/\/www.tonon.it\/fr\/2019\/12\/04\/dubai-2019\/\" aria-label=\"En savoir plus sur DUBAI 2019\" tabindex=\"-1\" >\n\t\t\t<img decoding=\"async\" style=\"margin-bottom: 3px;margin-right: 5px\" src=\"\/wp-content\/uploads\/2019\/10\/elemento_grafico.gif\" alt=\"leggitutto\"> LEGGI TUTTO\t\t<\/a>\n\n\t\t\t\t<\/div>\n\t\t\t\t<div class=\"elementor-post__meta-data\">\n\t\t\t\t\t<span class=\"elementor-post-date\">\n\t\t\t4 d\u00e9cembre 2019\t\t<\/span>\n\t\t\t\t<\/div>\n\t\t\t\t\t<\/div>\n\t\t<\/article>\n\t\t\t\t<article class=\"elementor-post elementor-grid-item post-5131 post type-post status-publish format-standard has-post-thumbnail hentry category-events-fr\">\n\t\t\t<div class=\"elementor-post__card\">\n\t\t\t\t<a class=\"elementor-post__thumbnail__link\" href=\"https:\/\/www.tonon.it\/fr\/2019\/10\/30\/cersaie-2019\/\" tabindex=\"-1\" ><div class=\"elementor-post__thumbnail\"><img loading=\"lazy\" decoding=\"async\" width=\"300\" height=\"198\" src=\"https:\/\/www.tonon.it\/wp-content\/uploads\/2019\/10\/cersaie_611x403-300x198.png\" class=\"attachment-medium size-medium wp-image-3574\" alt=\"\" srcset=\"https:\/\/www.tonon.it\/wp-content\/uploads\/2019\/10\/cersaie_611x403-300x198.png 300w, https:\/\/www.tonon.it\/wp-content\/uploads\/2019\/10\/cersaie_611x403-450x297.png 450w, https:\/\/www.tonon.it\/wp-content\/uploads\/2019\/10\/cersaie_611x403.png 611w\" sizes=\"(max-width: 300px) 100vw, 300px\" \/><\/div><\/a>\n\t\t\t\t<div class=\"elementor-post__badge\">\u00c9v\u00e9nements<\/div>\n\t\t\t\t<div class=\"elementor-post__text\">\n\t\t\t\t<h3 class=\"elementor-post__title\">\n\t\t\t<a href=\"https:\/\/www.tonon.it\/fr\/2019\/10\/30\/cersaie-2019\/\" >\n\t\t\t\tCERSAIE 2019\t\t\t<\/a>\n\t\t<\/h3>\n\t\t\t\t<div class=\"elementor-post__excerpt\">\n\t\t\t<p>Pr\u00e9sent avec le nouveau radiateur Wood 5.5 sur le stand ITLAS<\/p>\n\t\t<\/div>\n\t\t\n\t\t<a class=\"elementor-post__read-more\" href=\"https:\/\/www.tonon.it\/fr\/2019\/10\/30\/cersaie-2019\/\" aria-label=\"En savoir plus sur CERSAIE 2019\" tabindex=\"-1\" >\n\t\t\t<img decoding=\"async\" style=\"margin-bottom: 3px;margin-right: 5px\" src=\"\/wp-content\/uploads\/2019\/10\/elemento_grafico.gif\" alt=\"leggitutto\"> LEGGI TUTTO\t\t<\/a>\n\n\t\t\t\t<\/div>\n\t\t\t\t<div class=\"elementor-post__meta-data\">\n\t\t\t\t\t<span class=\"elementor-post-date\">\n\t\t\t30 octobre 2019\t\t<\/span>\n\t\t\t\t<\/div>\n\t\t\t\t\t<\/div>\n\t\t<\/article>\n\t\t\t\t<\/div>\n\t\t\n\t\t\t\t\t\t<\/div>\n\t\t\t\t<\/div>\n\t\t\t\t\t<\/div>\n\t\t<\/div>\n\t\t\t\t\t<\/div>\n\t\t<\/section>\n\t\t\t\t<\/div>\n\t\t","protected":false},"excerpt":{"rendered":"<p>TUTTE LE NEWS NEWS EVENTS<\/p>\n","protected":false},"author":1,"featured_media":0,"parent":0,"menu_order":0,"comment_status":"closed","ping_status":"closed","template":"","meta":{"_acf_changed":false,"footnotes":""},"class_list":["post-3867","page","type-page","status-publish","hentry"],"acf":[],"_links":{"self":[{"href":"https:\/\/www.tonon.it\/fr\/wp-json\/wp\/v2\/pages\/3867","targetHints":{"allow":["GET"]}}],"collection":[{"href":"https:\/\/www.tonon.it\/fr\/wp-json\/wp\/v2\/pages"}],"about":[{"href":"https:\/\/www.tonon.it\/fr\/wp-json\/wp\/v2\/types\/page"}],"author":[{"embeddable":true,"href":"https:\/\/www.tonon.it\/fr\/wp-json\/wp\/v2\/users\/1"}],"replies":[{"embeddable":true,"href":"https:\/\/www.tonon.it\/fr\/wp-json\/wp\/v2\/comments?post=3867"}],"version-history":[{"count":21,"href":"https:\/\/www.tonon.it\/fr\/wp-json\/wp\/v2\/pages\/3867\/revisions"}],"predecessor-version":[{"id":5173,"href":"https:\/\/www.tonon.it\/fr\/wp-json\/wp\/v2\/pages\/3867\/revisions\/5173"}],"wp:attachment":[{"href":"https:\/\/www.tonon.it\/fr\/wp-json\/wp\/v2\/media?parent=3867"}],"curies":[{"name":"wp","href":"https:\/\/api.w.org\/{rel}","templated":true}]}}