{"id":3853,"date":"2019-10-08T13:01:14","date_gmt":"2019-10-08T11:01:14","guid":{"rendered":"https:\/\/www.tonon.it\/faq\/"},"modified":"2020-04-27T14:46:50","modified_gmt":"2020-04-27T12:46:50","slug":"faq","status":"publish","type":"page","link":"https:\/\/www.tonon.it\/fr\/faq\/","title":{"rendered":"FAQ"},"content":{"rendered":"\t\t<div data-elementor-type=\"wp-page\" data-elementor-id=\"3853\" class=\"elementor elementor-3853 elementor-31\" data-elementor-post-type=\"page\">\n\t\t\t\t\t\t<section class=\"elementor-section elementor-top-section elementor-element elementor-element-1e9cccda elementor-section-full_width elementor-section-content-top elementor-section-height-default elementor-section-height-default\" data-id=\"1e9cccda\" data-element_type=\"section\" id=\"sezione1\" data-settings=\"{&quot;background_background&quot;:&quot;classic&quot;}\">\n\t\t\t\t\t\t<div class=\"elementor-container elementor-column-gap-no\">\n\t\t\t\t\t<div class=\"elementor-column elementor-col-100 elementor-top-column elementor-element elementor-element-58b0b776\" data-id=\"58b0b776\" data-element_type=\"column\" id=\"colonna2\" data-settings=\"{&quot;background_background&quot;:&quot;classic&quot;}\">\n\t\t\t<div class=\"elementor-widget-wrap elementor-element-populated\">\n\t\t\t\t\t\t<div class=\"elementor-element elementor-element-f84df40 elementor-widget elementor-widget-heading\" data-id=\"f84df40\" data-element_type=\"widget\" data-widget_type=\"heading.default\">\n\t\t\t\t<div class=\"elementor-widget-container\">\n\t\t\t\t\t<h2 class=\"elementor-heading-title elementor-size-default\">\nR\u00e9ponses aux questions fr\u00e9quemment pos\u00e9es<\/h2>\t\t\t\t<\/div>\n\t\t\t\t<\/div>\n\t\t\t\t<div class=\"elementor-element elementor-element-7433a00 elementor-widget elementor-widget-accordion\" data-id=\"7433a00\" data-element_type=\"widget\" data-widget_type=\"accordion.default\">\n\t\t\t\t<div class=\"elementor-widget-container\">\n\t\t\t\t\t\t\t<div class=\"elementor-accordion\">\n\t\t\t\t\t\t\t<div class=\"elementor-accordion-item\">\n\t\t\t\t\t<div id=\"elementor-tab-title-1211\" class=\"elementor-tab-title\" data-tab=\"1\" role=\"button\" aria-controls=\"elementor-tab-content-1211\" aria-expanded=\"false\">\n\t\t\t\t\t\t\t\t\t\t\t\t\t<span class=\"elementor-accordion-icon elementor-accordion-icon-left\" aria-hidden=\"true\">\n\t\t\t\t\t\t\t\t\t\t\t\t\t\t\t<span class=\"elementor-accordion-icon-closed\"><i class=\"fas fa-plus\"><\/i><\/span>\n\t\t\t\t\t\t\t\t<span class=\"elementor-accordion-icon-opened\"><i class=\"fas fa-minus\"><\/i><\/span>\n\t\t\t\t\t\t\t\t\t\t\t\t\t\t<\/span>\n\t\t\t\t\t\t\t\t\t\t\t\t<a class=\"elementor-accordion-title\" tabindex=\"0\">Are the fixing kits, caps and breather included in the package of the towel warmers?<\/a>\n\t\t\t\t\t<\/div>\n\t\t\t\t\t<div id=\"elementor-tab-content-1211\" class=\"elementor-tab-content elementor-clearfix\" data-tab=\"1\" role=\"region\" aria-labelledby=\"elementor-tab-title-1211\"><div id=\"ufaq-title-3506\" class=\"ufaq-faq-title ufaq-faq-toggle\" data-postid=\"UiS-3506-0\"><div class=\"ewd-ufaq-clear\">The kit is included on all Tonon Evolution towel warmers and radiators. Specifically for the towel warmers, in addition to caps and vent, the fixing kit supplied is also adjustable in depth and the screws and plugs for fixing them to the wall are also included.<\/div><\/div><\/div>\n\t\t\t\t<\/div>\n\t\t\t\t\t\t\t<div class=\"elementor-accordion-item\">\n\t\t\t\t\t<div id=\"elementor-tab-title-1212\" class=\"elementor-tab-title\" data-tab=\"2\" role=\"button\" aria-controls=\"elementor-tab-content-1212\" aria-expanded=\"false\">\n\t\t\t\t\t\t\t\t\t\t\t\t\t<span class=\"elementor-accordion-icon elementor-accordion-icon-left\" aria-hidden=\"true\">\n\t\t\t\t\t\t\t\t\t\t\t\t\t\t\t<span class=\"elementor-accordion-icon-closed\"><i class=\"fas fa-plus\"><\/i><\/span>\n\t\t\t\t\t\t\t\t<span class=\"elementor-accordion-icon-opened\"><i class=\"fas fa-minus\"><\/i><\/span>\n\t\t\t\t\t\t\t\t\t\t\t\t\t\t<\/span>\n\t\t\t\t\t\t\t\t\t\t\t\t<a class=\"elementor-accordion-title\" tabindex=\"0\">Can Burano and Florian radiators be placed horizontally?<\/a>\n\t\t\t\t\t<\/div>\n\t\t\t\t\t<div id=\"elementor-tab-content-1212\" class=\"elementor-tab-content elementor-clearfix\" data-tab=\"2\" role=\"region\" aria-labelledby=\"elementor-tab-title-1212\"><div id=\"ufaq-body-UiS-3505-1\" class=\"ufaq-faq-body ufaq-body-3505\"><div id=\"ufaq-post-3505\" class=\"ewd-ufaq-post-margin ufaq-faq-post\"><p>The answer is yes. On the Burano you can use the kit supplied while for the Florian it is necessary to purchase the fixing kit cod. 137100026. The only limit is on the 3 column Florian which is not suitable for weight and also aesthetically.<\/p><\/div><\/div><\/div>\n\t\t\t\t<\/div>\n\t\t\t\t\t\t\t<div class=\"elementor-accordion-item\">\n\t\t\t\t\t<div id=\"elementor-tab-title-1213\" class=\"elementor-tab-title\" data-tab=\"3\" role=\"button\" aria-controls=\"elementor-tab-content-1213\" aria-expanded=\"false\">\n\t\t\t\t\t\t\t\t\t\t\t\t\t<span class=\"elementor-accordion-icon elementor-accordion-icon-left\" aria-hidden=\"true\">\n\t\t\t\t\t\t\t\t\t\t\t\t\t\t\t<span class=\"elementor-accordion-icon-closed\"><i class=\"fas fa-plus\"><\/i><\/span>\n\t\t\t\t\t\t\t\t<span class=\"elementor-accordion-icon-opened\"><i class=\"fas fa-minus\"><\/i><\/span>\n\t\t\t\t\t\t\t\t\t\t\t\t\t\t<\/span>\n\t\t\t\t\t\t\t\t\t\t\t\t<a class=\"elementor-accordion-title\" tabindex=\"0\">Why use an electric radiator in the bathroom?<\/a>\n\t\t\t\t\t<\/div>\n\t\t\t\t\t<div id=\"elementor-tab-content-1213\" class=\"elementor-tab-content elementor-clearfix\" data-tab=\"3\" role=\"region\" aria-labelledby=\"elementor-tab-title-1213\"><div id=\"ufaq-body-UiS-3504-2\" class=\"ufaq-faq-body ufaq-body-3504\"><div id=\"ufaq-post-3504\" class=\"ewd-ufaq-post-margin ufaq-faq-post\"><p>Nowadays the most used heating system is the radiant system, and a condensing boiler as a heat generator. Maximum energy savings are obtained by operating the boiler in low temperature. By putting the electric towel warmer you can avoid the detachment of the high temperature. Furthermore, on balance, the integration with the towel warmer brings about 0.50 euro per day as maximum consumption, taking into account having a 500w towel warmer for 2 hours in the morning and 2 hours in the evening during the showers. With Tonon heated towel rails there is not even the possibility of forgetting it on, as there is a button for forced operation for 1 or 2 hours and then the switch off is automatic. If you want to completely forget the switching on and off then you also have the version with weekly programmable control and the possibility of infrared remote control. The child safety button and the antifreeze function for the winter season are also already provided.<\/p><\/div><\/div><\/div>\n\t\t\t\t<\/div>\n\t\t\t\t\t\t\t\t<\/div>\n\t\t\t\t\t\t<\/div>\n\t\t\t\t<\/div>\n\t\t\t\t<div class=\"elementor-element elementor-element-999aa3c elementor-widget-divider--view-line elementor-widget elementor-widget-divider\" data-id=\"999aa3c\" data-element_type=\"widget\" data-widget_type=\"divider.default\">\n\t\t\t\t<div class=\"elementor-widget-container\">\n\t\t\t\t\t\t\t<div class=\"elementor-divider\">\n\t\t\t<span class=\"elementor-divider-separator\">\n\t\t\t\t\t\t<\/span>\n\t\t<\/div>\n\t\t\t\t\t\t<\/div>\n\t\t\t\t<\/div>\n\t\t\t\t<div class=\"elementor-element elementor-element-f1a6d7b elementor-widget elementor-widget-heading\" data-id=\"f1a6d7b\" data-element_type=\"widget\" data-widget_type=\"heading.default\">\n\t\t\t\t<div class=\"elementor-widget-container\">\n\t\t\t\t\t<h3 class=\"elementor-heading-title elementor-size-default\">Avez-vous d'autres curiosit\u00e9s ou questions?<\/h3>\t\t\t\t<\/div>\n\t\t\t\t<\/div>\n\t\t\t\t<div class=\"elementor-element elementor-element-fd117d9 icone-portfolio elementor-view-default elementor-position-top elementor-mobile-position-top elementor-widget elementor-widget-global elementor-global-327 elementor-widget-icon-box\" data-id=\"fd117d9\" data-element_type=\"widget\" data-widget_type=\"icon-box.default\">\n\t\t\t\t<div class=\"elementor-widget-container\">\n\t\t\t\t\t\t\t<div class=\"elementor-icon-box-wrapper\">\n\n\t\t\t\t\t\t<div class=\"elementor-icon-box-icon\">\n\t\t\t\t<a href=\"https:\/\/www.tonon.it\/contatti\/\" class=\"elementor-icon elementor-animation-grow\" tabindex=\"-1\" aria-label=\"CONTATTACI\">\n\t\t\t\t<svg xmlns=\"http:\/\/www.w3.org\/2000\/svg\" xmlns:xlink=\"http:\/\/www.w3.org\/1999\/xlink\" id=\"Capa_1\" x=\"0px\" y=\"0px\" viewBox=\"0 0 511.874 511.874\" style=\"enable-background:new 0 0 511.874 511.874;\" xml:space=\"preserve\"> <g> <g> <g> <path d=\"M490.114,12.813H132.568c-12.012,0.014-21.746,9.748-21.76,21.76v98.62l-16.35-24.525 c-7.484-11.289-22.535-14.676-34.133-7.68l-33.638,20.224c-11.016,6.464-19.097,16.946-22.545,29.244 c-12.271,44.681-3.166,121.66,109.824,234.667C203.821,474.885,270.816,499.06,316.99,499.06 c10.69,0.049,21.339-1.34,31.659-4.13c12.293-3.448,22.775-11.518,29.252-22.519l20.198-33.673 c6.968-11.589,3.584-26.609-7.68-34.091l-80.546-53.692c-11.049-7.308-25.859-4.905-34.031,5.521l-23.45,30.148 c-2.451,3.226-6.897,4.166-10.445,2.21l-4.463-2.458c-14.686-8.004-32.964-17.971-69.879-54.886 c-3.994-3.994-7.612-7.731-11.008-11.307h333.517c11.982,0.009,21.713-9.676,21.76-21.658V34.573 C511.86,22.561,502.126,12.827,490.114,12.813z M229.318,401.362l4.335,2.381c10.897,6.093,24.614,3.266,32.213-6.639 l23.45-30.148c2.666-3.396,7.49-4.179,11.093-1.801l80.546,53.692c3.659,2.439,4.759,7.321,2.5,11.093l-20.198,33.673 c-4.218,7.233-11.071,12.553-19.123,14.848c-40.337,11.093-110.933,1.707-218.078-105.446S9.56,195.273,20.627,154.97 c2.293-8.051,7.61-14.903,14.839-19.123l33.673-20.207c3.773-2.254,8.652-1.155,11.093,2.5l53.717,80.546 c2.382,3.602,1.599,8.43-1.801,11.093l-30.157,23.458c-9.903,7.597-12.731,21.311-6.639,32.205l2.389,4.335 c8.533,15.65,19.14,35.123,57.805,73.779C194.212,382.213,213.677,392.828,229.318,401.362z M494.808,298.526 c-0.028,2.567-2.127,4.627-4.693,4.608H141.203c-11.083-12.674-20.64-26.604-28.476-41.506l-2.458-4.48 c-1.96-3.54-1.022-7.982,2.202-10.428l30.157-23.458c10.43-8.17,12.833-22.982,5.521-34.031l-20.275-30.43V34.573 c-0.014-1.249,0.476-2.451,1.359-3.334c0.883-0.883,2.085-1.373,3.334-1.359h357.547c1.249-0.014,2.451,0.476,3.334,1.359 c0.883,0.883,1.373,2.085,1.359,3.334V298.526z\"><\/path> <path d=\"M460.725,52.323l-142.618,108.16c-4.035,2.932-9.499,2.932-13.534,0L162.008,52.323 c-3.756-2.849-9.111-2.113-11.959,1.643c-2.849,3.756-2.113,9.111,1.643,11.959l142.583,108.151 c10.144,7.494,23.989,7.494,34.133,0L471.034,65.925c1.805-1.368,2.992-3.398,3.299-5.642c0.307-2.244-0.29-4.518-1.661-6.321 C469.824,50.213,464.478,49.48,460.725,52.323z\"><\/path> <path d=\"M238.517,174.793l-87.415,93.611c-3.214,3.447-3.025,8.848,0.422,12.062c3.447,3.214,8.848,3.025,12.062-0.422 l87.416-93.653c2.888-3.484,2.553-8.617-0.762-11.698C246.924,171.612,241.78,171.656,238.517,174.793z\"><\/path> <path d=\"M384.728,174.793c-3.214-3.447-8.614-3.637-12.062-0.422c-3.447,3.214-3.637,8.614-0.422,12.062l87.39,93.611 c3.214,3.447,8.614,3.637,12.062,0.422c3.447-3.214,3.637-8.614,0.422-12.062L384.728,174.793z\"><\/path> <\/g> <\/g> <\/g> <g> <\/g> <g> <\/g> <g> <\/g> <g> <\/g> <g> <\/g> <g> <\/g> <g> <\/g> <g> <\/g> <g> <\/g> <g> <\/g> <g> <\/g> <g> <\/g> <g> <\/g> <g> <\/g> <g> <\/g> <\/svg>\t\t\t\t<\/a>\n\t\t\t<\/div>\n\t\t\t\n\t\t\t\t\t\t<div class=\"elementor-icon-box-content\">\n\n\t\t\t\t\t\t\t\t\t<h3 class=\"elementor-icon-box-title\">\n\t\t\t\t\t\t<a href=\"https:\/\/www.tonon.it\/contatti\/\" >\n\t\t\t\t\t\t\tCONTATTACI\t\t\t\t\t\t<\/a>\n\t\t\t\t\t<\/h3>\n\t\t\t\t\n\t\t\t\t\n\t\t\t<\/div>\n\t\t\t\n\t\t<\/div>\n\t\t\t\t\t\t<\/div>\n\t\t\t\t<\/div>\n\t\t\t\t<div class=\"elementor-element elementor-element-46adf00 elementor-widget elementor-widget-spacer\" data-id=\"46adf00\" data-element_type=\"widget\" data-widget_type=\"spacer.default\">\n\t\t\t\t<div class=\"elementor-widget-container\">\n\t\t\t\t\t\t\t<div class=\"elementor-spacer\">\n\t\t\t<div class=\"elementor-spacer-inner\"><\/div>\n\t\t<\/div>\n\t\t\t\t\t\t<\/div>\n\t\t\t\t<\/div>\n\t\t\t\t\t<\/div>\n\t\t<\/div>\n\t\t\t\t\t<\/div>\n\t\t<\/section>\n\t\t\t\t<\/div>\n\t\t","protected":false},"excerpt":{"rendered":"<p>R\u00e9ponses aux questions fr\u00e9quemment pos\u00e9es Are the fixing kits, caps and breather included in the package of the towel warmers? The kit is included on all Tonon Evolution towel warmers and radiators. Specifically for the towel warmers, in addition to caps and vent, the fixing kit supplied is also adjustable in depth and the screws [&hellip;]<\/p>\n","protected":false},"author":1,"featured_media":0,"parent":0,"menu_order":0,"comment_status":"closed","ping_status":"closed","template":"","meta":{"_acf_changed":false,"footnotes":""},"class_list":["post-3853","page","type-page","status-publish","hentry"],"acf":[],"_links":{"self":[{"href":"https:\/\/www.tonon.it\/fr\/wp-json\/wp\/v2\/pages\/3853","targetHints":{"allow":["GET"]}}],"collection":[{"href":"https:\/\/www.tonon.it\/fr\/wp-json\/wp\/v2\/pages"}],"about":[{"href":"https:\/\/www.tonon.it\/fr\/wp-json\/wp\/v2\/types\/page"}],"author":[{"embeddable":true,"href":"https:\/\/www.tonon.it\/fr\/wp-json\/wp\/v2\/users\/1"}],"replies":[{"embeddable":true,"href":"https:\/\/www.tonon.it\/fr\/wp-json\/wp\/v2\/comments?post=3853"}],"version-history":[{"count":16,"href":"https:\/\/www.tonon.it\/fr\/wp-json\/wp\/v2\/pages\/3853\/revisions"}],"predecessor-version":[{"id":5534,"href":"https:\/\/www.tonon.it\/fr\/wp-json\/wp\/v2\/pages\/3853\/revisions\/5534"}],"wp:attachment":[{"href":"https:\/\/www.tonon.it\/fr\/wp-json\/wp\/v2\/media?parent=3853"}],"curies":[{"name":"wp","href":"https:\/\/api.w.org\/{rel}","templated":true}]}}