{"id":3772,"date":"2020-01-29T18:06:16","date_gmt":"2020-01-29T17:06:16","guid":{"rendered":"https:\/\/www.tonon.it\/calcola-il-fabbisogno-termico\/"},"modified":"2020-04-23T10:51:53","modified_gmt":"2020-04-23T08:51:53","slug":"calculer-les-besoin-thermique","status":"publish","type":"page","link":"https:\/\/www.tonon.it\/fr\/calculer-les-besoin-thermique\/","title":{"rendered":"Calculer les besoin thermique"},"content":{"rendered":"\t\t<div data-elementor-type=\"wp-page\" data-elementor-id=\"3772\" class=\"elementor elementor-3772 elementor-3046\" data-elementor-post-type=\"page\">\n\t\t\t\t\t\t<section class=\"elementor-section elementor-top-section elementor-element elementor-element-b5a2374 elementor-section-full_width elementor-section-height-default elementor-section-height-default\" data-id=\"b5a2374\" data-element_type=\"section\">\n\t\t\t\t\t\t<div class=\"elementor-container elementor-column-gap-default\">\n\t\t\t\t\t<div class=\"elementor-column elementor-col-100 elementor-top-column elementor-element elementor-element-05c4313\" data-id=\"05c4313\" data-element_type=\"column\">\n\t\t\t<div class=\"elementor-widget-wrap elementor-element-populated\">\n\t\t\t\t\t\t<section class=\"elementor-section elementor-inner-section elementor-element elementor-element-9b14736 elementor-section-full_width elementor-section-height-default elementor-section-height-default\" data-id=\"9b14736\" data-element_type=\"section\">\n\t\t\t\t\t\t<div class=\"elementor-container elementor-column-gap-default\">\n\t\t\t\t\t<div class=\"elementor-column elementor-col-100 elementor-inner-column elementor-element elementor-element-5ec61b8\" data-id=\"5ec61b8\" data-element_type=\"column\">\n\t\t\t<div class=\"elementor-widget-wrap elementor-element-populated\">\n\t\t\t\t\t\t<div class=\"elementor-element elementor-element-bc5e8ef elementor-widget elementor-widget-heading\" data-id=\"bc5e8ef\" data-element_type=\"widget\" data-widget_type=\"heading.default\">\n\t\t\t\t<div class=\"elementor-widget-container\">\n\t\t\t\t\t<h2 class=\"elementor-heading-title elementor-size-default\">besoin thermique<\/h2>\t\t\t\t<\/div>\n\t\t\t\t<\/div>\n\t\t\t\t\t<\/div>\n\t\t<\/div>\n\t\t\t\t\t<\/div>\n\t\t<\/section>\n\t\t\t\t<section class=\"elementor-section elementor-inner-section elementor-element elementor-element-e630fc4 elementor-section-full_width elementor-section-height-default elementor-section-height-default\" data-id=\"e630fc4\" data-element_type=\"section\">\n\t\t\t\t\t\t<div class=\"elementor-container elementor-column-gap-default\">\n\t\t\t\t\t<div class=\"elementor-column elementor-col-50 elementor-inner-column elementor-element elementor-element-e71602b\" data-id=\"e71602b\" data-element_type=\"column\">\n\t\t\t<div class=\"elementor-widget-wrap elementor-element-populated\">\n\t\t\t\t\t\t<div class=\"elementor-element elementor-element-d490559 elementor-widget elementor-widget-image\" data-id=\"d490559\" data-element_type=\"widget\" data-widget_type=\"image.default\">\n\t\t\t\t<div class=\"elementor-widget-container\">\n\t\t\t\t\t\t\t\t\t\t\t\t\t\t\t<img fetchpriority=\"high\" decoding=\"async\" width=\"858\" height=\"1030\" src=\"https:\/\/www.tonon.it\/wp-content\/uploads\/2020\/04\/fabbisogno_termico-858x1030_FR-858x1030.jpg\" class=\"attachment-large size-large wp-image-4798\" alt=\"\" srcset=\"https:\/\/www.tonon.it\/wp-content\/uploads\/2020\/04\/fabbisogno_termico-858x1030_FR.jpg 858w, https:\/\/www.tonon.it\/wp-content\/uploads\/2020\/04\/fabbisogno_termico-858x1030_FR-250x300.jpg 250w, https:\/\/www.tonon.it\/wp-content\/uploads\/2020\/04\/fabbisogno_termico-858x1030_FR-768x922.jpg 768w, https:\/\/www.tonon.it\/wp-content\/uploads\/2020\/04\/fabbisogno_termico-858x1030_FR-587x705.jpg 587w, https:\/\/www.tonon.it\/wp-content\/uploads\/2020\/04\/fabbisogno_termico-858x1030_FR-450x540.jpg 450w\" sizes=\"(max-width: 858px) 100vw, 858px\" \/>\t\t\t\t\t\t\t\t\t\t\t\t\t\t\t<\/div>\n\t\t\t\t<\/div>\n\t\t\t\t\t<\/div>\n\t\t<\/div>\n\t\t\t\t<div class=\"elementor-column elementor-col-50 elementor-inner-column elementor-element elementor-element-fba0bdf\" data-id=\"fba0bdf\" data-element_type=\"column\">\n\t\t\t<div class=\"elementor-widget-wrap elementor-element-populated\">\n\t\t\t\t\t\t<div class=\"elementor-element elementor-element-1e7ce16 elementor-widget elementor-widget-text-editor\" data-id=\"1e7ce16\" data-element_type=\"widget\" data-widget_type=\"text-editor.default\">\n\t\t\t\t<div class=\"elementor-widget-container\">\n\t\t\t\t\t\t\t\t\t<div class=\"wpb_text_column wpb_content_element \" style=\"margin-bottom: 35px; color: #72787b; font-family: Roboto; font-size: 16px; font-style: normal; font-variant-ligatures: normal; font-variant-caps: normal; font-weight: 400;\">\n<div class=\"wpb_wrapper\">\n<p style=\"margin-bottom: 0px;\">Pour r\u00e9pondre aux questions de nos clients sur le radiateur \u00e0 installer dans une pi\u00e8ce sp\u00e9cifique, <span style=\"font-weight: bold;\">nous avons cr\u00e9\u00e9 un simple tableur<\/span> qui vous permet de conna\u00eetre la puissance n\u00e9cessaire \u00e0 chaque pi\u00e8ce.<\/p>\n\n<\/div>\n<\/div>\n<div class=\"wpb_text_column wpb_content_element \" style=\"margin-bottom: 35px; color: #72787b; font-family: Roboto; font-size: 16px; font-style: normal; font-variant-ligatures: normal; font-variant-caps: normal; font-weight: 400;\">\n<div class=\"wpb_wrapper\">\n<p style=\"margin-bottom: 10px;\">Cliquez sur l&rsquo;ic\u00f4ne ci-dessous pour t\u00e9l\u00e9charger<span style=\"font-weight: bold;\"> notre feuille de calcul Excel<\/span><\/p>\n\n<\/div>\n<\/div>\n\t\t\t\t\t\t\t\t<\/div>\n\t\t\t\t<\/div>\n\t\t\t\t<div class=\"elementor-element elementor-element-a4ca4f5 elementor-align-center elementor-widget elementor-widget-button\" data-id=\"a4ca4f5\" data-element_type=\"widget\" data-widget_type=\"button.default\">\n\t\t\t\t<div class=\"elementor-widget-container\">\n\t\t\t\t\t\t\t\t\t<div class=\"elementor-button-wrapper\">\n\t\t\t\t\t<a class=\"elementor-button elementor-button-link elementor-size-sm\" href=\"https:\/\/www.tonon.it\/wp-content\/uploads\/2020\/04\/Calcul_besoins_radiateur.xlsx\">\n\t\t\t\t\t\t<span class=\"elementor-button-content-wrapper\">\n\t\t\t\t\t\t\t\t\t<span class=\"elementor-button-text\">D\u00e9charge le dossier [ .xls 34KB ]<\/span>\n\t\t\t\t\t<\/span>\n\t\t\t\t\t<\/a>\n\t\t\t\t<\/div>\n\t\t\t\t\t\t\t\t<\/div>\n\t\t\t\t<\/div>\n\t\t\t\t\t<\/div>\n\t\t<\/div>\n\t\t\t\t\t<\/div>\n\t\t<\/section>\n\t\t\t\t\t<\/div>\n\t\t<\/div>\n\t\t\t\t\t<\/div>\n\t\t<\/section>\n\t\t\t\t<\/div>\n\t\t","protected":false},"excerpt":{"rendered":"<p>besoin thermique Pour r\u00e9pondre aux questions de nos clients sur le radiateur \u00e0 installer dans une pi\u00e8ce sp\u00e9cifique, nous avons cr\u00e9\u00e9 un simple tableur qui vous permet de conna\u00eetre la puissance n\u00e9cessaire \u00e0 chaque pi\u00e8ce. Cliquez sur l&rsquo;ic\u00f4ne ci-dessous pour t\u00e9l\u00e9charger notre feuille de calcul Excel D\u00e9charge le dossier [ .xls 34KB ]<\/p>\n","protected":false},"author":1,"featured_media":0,"parent":0,"menu_order":0,"comment_status":"closed","ping_status":"closed","template":"","meta":{"_acf_changed":false,"footnotes":""},"class_list":["post-3772","page","type-page","status-publish","hentry"],"acf":[],"_links":{"self":[{"href":"https:\/\/www.tonon.it\/fr\/wp-json\/wp\/v2\/pages\/3772","targetHints":{"allow":["GET"]}}],"collection":[{"href":"https:\/\/www.tonon.it\/fr\/wp-json\/wp\/v2\/pages"}],"about":[{"href":"https:\/\/www.tonon.it\/fr\/wp-json\/wp\/v2\/types\/page"}],"author":[{"embeddable":true,"href":"https:\/\/www.tonon.it\/fr\/wp-json\/wp\/v2\/users\/1"}],"replies":[{"embeddable":true,"href":"https:\/\/www.tonon.it\/fr\/wp-json\/wp\/v2\/comments?post=3772"}],"version-history":[{"count":8,"href":"https:\/\/www.tonon.it\/fr\/wp-json\/wp\/v2\/pages\/3772\/revisions"}],"predecessor-version":[{"id":5418,"href":"https:\/\/www.tonon.it\/fr\/wp-json\/wp\/v2\/pages\/3772\/revisions\/5418"}],"wp:attachment":[{"href":"https:\/\/www.tonon.it\/fr\/wp-json\/wp\/v2\/media?parent=3772"}],"curies":[{"name":"wp","href":"https:\/\/api.w.org\/{rel}","templated":true}]}}