{"id":3696,"date":"2019-10-08T13:03:26","date_gmt":"2019-10-08T11:03:26","guid":{"rendered":"https:\/\/www.tonon.it\/approach\/"},"modified":"2020-04-21T15:21:56","modified_gmt":"2020-04-21T13:21:56","slug":"approach","status":"publish","type":"page","link":"https:\/\/www.tonon.it\/fr\/approach\/","title":{"rendered":"Approach"},"content":{"rendered":"\t\t<div data-elementor-type=\"wp-page\" data-elementor-id=\"3696\" class=\"elementor elementor-3696 elementor-39\" data-elementor-post-type=\"page\">\n\t\t\t\t\t\t<section class=\"elementor-section elementor-top-section elementor-element elementor-element-9044888 elementor-section-full_width elementor-section-height-default elementor-section-height-default\" data-id=\"9044888\" data-element_type=\"section\">\n\t\t\t\t\t\t<div class=\"elementor-container elementor-column-gap-default\">\n\t\t\t\t\t<div class=\"elementor-column elementor-col-100 elementor-top-column elementor-element elementor-element-2867a3a\" data-id=\"2867a3a\" data-element_type=\"column\">\n\t\t\t<div class=\"elementor-widget-wrap elementor-element-populated\">\n\t\t\t\t\t\t<section class=\"elementor-section elementor-inner-section elementor-element elementor-element-8e392f4 elementor-section-full_width elementor-section-height-default elementor-section-height-default\" data-id=\"8e392f4\" data-element_type=\"section\">\n\t\t\t\t\t\t<div class=\"elementor-container elementor-column-gap-default\">\n\t\t\t\t\t<div class=\"elementor-column elementor-col-33 elementor-inner-column elementor-element elementor-element-785470b\" data-id=\"785470b\" data-element_type=\"column\">\n\t\t\t<div class=\"elementor-widget-wrap elementor-element-populated\">\n\t\t\t\t\t\t<div class=\"elementor-element elementor-element-4c93447 elementor-widget elementor-widget-heading\" data-id=\"4c93447\" data-element_type=\"widget\" data-widget_type=\"heading.default\">\n\t\t\t\t<div class=\"elementor-widget-container\">\n\t\t\t\t\t<h2 class=\"elementor-heading-title elementor-size-default\">le processus commercial<\/h2>\t\t\t\t<\/div>\n\t\t\t\t<\/div>\n\t\t\t\t<div class=\"elementor-element elementor-element-ffcf5c1 elementor-widget elementor-widget-text-editor\" data-id=\"ffcf5c1\" data-element_type=\"widget\" data-widget_type=\"text-editor.default\">\n\t\t\t\t<div class=\"elementor-widget-container\">\n\t\t\t\t\t\t\t\t\t<p>Comprend un personnel expert et comp\u00e9tent suivant le Client de la s\u00e9lection du produit au service apr\u00e8s-vente, garantissant en permanence une consultation personnalis\u00e9e, tant en phase d&rsquo;achat qu&rsquo;en phase d&rsquo;utilisation. La satisfaction du Client est en effet le leitmotiv de la philosophie d&rsquo;entreprise\u00a0<b>Tonon<\/b>, associant l&rsquo;efficacit\u00e9 d&rsquo;un service orient\u00e9 vers le Client \u00e0 la qualit\u00e9 de ses produits ; service dont il est possible de b\u00e9n\u00e9ficier en temps r\u00e9el.<\/p>\t\t\t\t\t\t\t\t<\/div>\n\t\t\t\t<\/div>\n\t\t\t\t\t<\/div>\n\t\t<\/div>\n\t\t\t\t<div class=\"elementor-column elementor-col-33 elementor-inner-column elementor-element elementor-element-8f12d4f\" data-id=\"8f12d4f\" data-element_type=\"column\">\n\t\t\t<div class=\"elementor-widget-wrap\">\n\t\t\t\t\t\t\t<\/div>\n\t\t<\/div>\n\t\t\t\t<div class=\"elementor-column elementor-col-33 elementor-inner-column elementor-element elementor-element-f80a22c\" data-id=\"f80a22c\" data-element_type=\"column\">\n\t\t\t<div class=\"elementor-widget-wrap elementor-element-populated\">\n\t\t\t\t\t\t<div class=\"elementor-element elementor-element-14533d6 elementor-widget elementor-widget-image\" data-id=\"14533d6\" data-element_type=\"widget\" data-widget_type=\"image.default\">\n\t\t\t\t<div class=\"elementor-widget-container\">\n\t\t\t\t\t\t\t\t\t\t\t\t\t\t\t<img fetchpriority=\"high\" decoding=\"async\" width=\"805\" height=\"1030\" src=\"https:\/\/www.tonon.it\/wp-content\/uploads\/2020\/01\/Portfolio_1000x1279-805x1030.jpg\" class=\"attachment-large size-large wp-image-3345\" alt=\"\" srcset=\"https:\/\/www.tonon.it\/wp-content\/uploads\/2020\/01\/Portfolio_1000x1279-805x1030.jpg 805w, https:\/\/www.tonon.it\/wp-content\/uploads\/2020\/01\/Portfolio_1000x1279-235x300.jpg 235w, https:\/\/www.tonon.it\/wp-content\/uploads\/2020\/01\/Portfolio_1000x1279-768x982.jpg 768w, https:\/\/www.tonon.it\/wp-content\/uploads\/2020\/01\/Portfolio_1000x1279-551x705.jpg 551w, https:\/\/www.tonon.it\/wp-content\/uploads\/2020\/01\/Portfolio_1000x1279-450x576.jpg 450w, https:\/\/www.tonon.it\/wp-content\/uploads\/2020\/01\/Portfolio_1000x1279.jpg 1000w\" sizes=\"(max-width: 805px) 100vw, 805px\" \/>\t\t\t\t\t\t\t\t\t\t\t\t\t\t\t<\/div>\n\t\t\t\t<\/div>\n\t\t\t\t\t<\/div>\n\t\t<\/div>\n\t\t\t\t\t<\/div>\n\t\t<\/section>\n\t\t\t\t<section class=\"elementor-section elementor-inner-section elementor-element elementor-element-74161e8 elementor-section-full_width elementor-reverse-tablet elementor-reverse-mobile elementor-section-height-default elementor-section-height-default\" data-id=\"74161e8\" data-element_type=\"section\">\n\t\t\t\t\t\t<div class=\"elementor-container elementor-column-gap-default\">\n\t\t\t\t\t<div class=\"elementor-column elementor-col-33 elementor-inner-column elementor-element elementor-element-fbd2cd3\" data-id=\"fbd2cd3\" data-element_type=\"column\">\n\t\t\t<div class=\"elementor-widget-wrap elementor-element-populated\">\n\t\t\t\t\t\t<div class=\"elementor-element elementor-element-48131b8 elementor-widget elementor-widget-image\" data-id=\"48131b8\" data-element_type=\"widget\" data-widget_type=\"image.default\">\n\t\t\t\t<div class=\"elementor-widget-container\">\n\t\t\t\t\t\t\t\t\t\t\t\t\t\t\t<img decoding=\"async\" width=\"805\" height=\"1030\" src=\"https:\/\/www.tonon.it\/wp-content\/uploads\/2020\/01\/Portfolio_1000x1279_2-805x1030.jpg\" class=\"attachment-large size-large wp-image-3349\" alt=\"\" srcset=\"https:\/\/www.tonon.it\/wp-content\/uploads\/2020\/01\/Portfolio_1000x1279_2-805x1030.jpg 805w, https:\/\/www.tonon.it\/wp-content\/uploads\/2020\/01\/Portfolio_1000x1279_2-235x300.jpg 235w, https:\/\/www.tonon.it\/wp-content\/uploads\/2020\/01\/Portfolio_1000x1279_2-768x982.jpg 768w, https:\/\/www.tonon.it\/wp-content\/uploads\/2020\/01\/Portfolio_1000x1279_2-551x705.jpg 551w, https:\/\/www.tonon.it\/wp-content\/uploads\/2020\/01\/Portfolio_1000x1279_2-450x576.jpg 450w, https:\/\/www.tonon.it\/wp-content\/uploads\/2020\/01\/Portfolio_1000x1279_2.jpg 1000w\" sizes=\"(max-width: 805px) 100vw, 805px\" \/>\t\t\t\t\t\t\t\t\t\t\t\t\t\t\t<\/div>\n\t\t\t\t<\/div>\n\t\t\t\t\t<\/div>\n\t\t<\/div>\n\t\t\t\t<div class=\"elementor-column elementor-col-33 elementor-inner-column elementor-element elementor-element-6bab644\" data-id=\"6bab644\" data-element_type=\"column\">\n\t\t\t<div class=\"elementor-widget-wrap\">\n\t\t\t\t\t\t\t<\/div>\n\t\t<\/div>\n\t\t\t\t<div class=\"elementor-column elementor-col-33 elementor-inner-column elementor-element elementor-element-45af25e\" data-id=\"45af25e\" data-element_type=\"column\">\n\t\t\t<div class=\"elementor-widget-wrap elementor-element-populated\">\n\t\t\t\t\t\t<div class=\"elementor-element elementor-element-2690525 elementor-widget elementor-widget-heading\" data-id=\"2690525\" data-element_type=\"widget\" data-widget_type=\"heading.default\">\n\t\t\t\t<div class=\"elementor-widget-container\">\n\t\t\t\t\t<h2 class=\"elementor-heading-title elementor-size-default\">le processus de conception<\/h2>\t\t\t\t<\/div>\n\t\t\t\t<\/div>\n\t\t\t\t<div class=\"elementor-element elementor-element-ee82471 elementor-widget elementor-widget-text-editor\" data-id=\"ee82471\" data-element_type=\"widget\" data-widget_type=\"text-editor.default\">\n\t\t\t\t<div class=\"elementor-widget-container\">\n\t\t\t\t\t\t\t\t\t<p>Est constitu\u00e9 d&rsquo;une \u00e9quipe d&rsquo;experts en ing\u00e9nierie et expertise industrielle, qui, outre r\u00e9pondre rapidement aux exigences du Client par le biais de la conception de solutions toujours \u00e0 l&rsquo;avant-garde, travaillent \u00e0 la recherche et au d\u00e9veloppement consacr\u00e9s \u00e9galement \u00e0 l&rsquo;am\u00e9lioration des produits existants. Les preuves continues de fiabilit\u00e9 et de compatibilit\u00e9 entre les composants et la volont\u00e9 contante d&rsquo;am\u00e9liorer le produit, associ\u00e9es \u00e0 un service client impeccable, permettent \u00e0 la qualit\u00e9 <strong>Tonon Evolution<\/strong> de constituer un \u00ab plus \u00bb concret offert par l&rsquo;entreprise.<\/p>\t\t\t\t\t\t\t\t<\/div>\n\t\t\t\t<\/div>\n\t\t\t\t\t<\/div>\n\t\t<\/div>\n\t\t\t\t\t<\/div>\n\t\t<\/section>\n\t\t\t\t<section class=\"elementor-section elementor-inner-section elementor-element elementor-element-97b37bf elementor-section-full_width elementor-section-height-default elementor-section-height-default\" data-id=\"97b37bf\" data-element_type=\"section\">\n\t\t\t\t\t\t<div class=\"elementor-container elementor-column-gap-default\">\n\t\t\t\t\t<div class=\"elementor-column elementor-col-50 elementor-inner-column elementor-element elementor-element-6bcff17\" data-id=\"6bcff17\" data-element_type=\"column\">\n\t\t\t<div class=\"elementor-widget-wrap elementor-element-populated\">\n\t\t\t\t\t\t<div class=\"elementor-element elementor-element-53cf195 elementor-widget elementor-widget-heading\" data-id=\"53cf195\" data-element_type=\"widget\" data-widget_type=\"heading.default\">\n\t\t\t\t<div class=\"elementor-widget-container\">\n\t\t\t\t\t<h2 class=\"elementor-heading-title elementor-size-default\">logistique - Ponctualit\u00e9 et fiabilit\u00e9 maximum pour toutes les livraisons\n<\/h2>\t\t\t\t<\/div>\n\t\t\t\t<\/div>\n\t\t\t\t<div class=\"elementor-element elementor-element-a334e33 elementor-widget elementor-widget-text-editor\" data-id=\"a334e33\" data-element_type=\"widget\" data-widget_type=\"text-editor.default\">\n\t\t\t\t<div class=\"elementor-widget-container\">\n\t\t\t\t\t\t\t\t\t<p><strong>Tonon<\/strong> dispose d&rsquo;un syst\u00e8me de logistique int\u00e9gr\u00e9 lui permettant de g\u00e9rer les commandes avec une comp\u00e9tence et un s\u00e9rieux maximum. Le syst\u00e8me logistique de <strong>Tonon<\/strong> est le fruit de plusieurs ann\u00e9es d&rsquo;exp\u00e9rience dans le commerce et la distribution au sein de l&rsquo;Union europ\u00e9enne et au-del\u00e0. Ce syst\u00e8me permet de garantir une fiabilit\u00e9 et une ponctualit\u00e9 totale en termes de livraison.<\/p>\t\t\t\t\t\t\t\t<\/div>\n\t\t\t\t<\/div>\n\t\t\t\t<div class=\"elementor-element elementor-element-14fb772 elementor-widget elementor-widget-image\" data-id=\"14fb772\" data-element_type=\"widget\" data-widget_type=\"image.default\">\n\t\t\t\t<div class=\"elementor-widget-container\">\n\t\t\t\t\t\t\t\t\t\t\t\t\t\t\t<img decoding=\"async\" width=\"450\" height=\"293\" src=\"https:\/\/www.tonon.it\/wp-content\/uploads\/2019\/10\/IMBALLAGGIO1.jpg\" class=\"attachment-large size-large wp-image-759\" alt=\"\" srcset=\"https:\/\/www.tonon.it\/wp-content\/uploads\/2019\/10\/IMBALLAGGIO1.jpg 450w, https:\/\/www.tonon.it\/wp-content\/uploads\/2019\/10\/IMBALLAGGIO1-300x195.jpg 300w\" sizes=\"(max-width: 450px) 100vw, 450px\" \/>\t\t\t\t\t\t\t\t\t\t\t\t\t\t\t<\/div>\n\t\t\t\t<\/div>\n\t\t\t\t\t<\/div>\n\t\t<\/div>\n\t\t\t\t<div class=\"elementor-column elementor-col-50 elementor-inner-column elementor-element elementor-element-22e4eba\" data-id=\"22e4eba\" data-element_type=\"column\">\n\t\t\t<div class=\"elementor-widget-wrap elementor-element-populated\">\n\t\t\t\t\t\t<div class=\"elementor-element elementor-element-02ae018 elementor-widget elementor-widget-image\" data-id=\"02ae018\" data-element_type=\"widget\" data-widget_type=\"image.default\">\n\t\t\t\t<div class=\"elementor-widget-container\">\n\t\t\t\t\t\t\t\t\t\t\t\t\t\t\t<img loading=\"lazy\" decoding=\"async\" width=\"1024\" height=\"726\" src=\"https:\/\/www.tonon.it\/wp-content\/uploads\/2020\/01\/foto-aerea-1024x726.jpg\" class=\"attachment-large size-large wp-image-3354\" alt=\"\" srcset=\"https:\/\/www.tonon.it\/wp-content\/uploads\/2020\/01\/foto-aerea-1024x726.jpg 1024w, https:\/\/www.tonon.it\/wp-content\/uploads\/2020\/01\/foto-aerea-1024x726-300x213.jpg 300w, https:\/\/www.tonon.it\/wp-content\/uploads\/2020\/01\/foto-aerea-1024x726-768x545.jpg 768w, https:\/\/www.tonon.it\/wp-content\/uploads\/2020\/01\/foto-aerea-1024x726-260x185.jpg 260w, https:\/\/www.tonon.it\/wp-content\/uploads\/2020\/01\/foto-aerea-1024x726-705x500.jpg 705w, https:\/\/www.tonon.it\/wp-content\/uploads\/2020\/01\/foto-aerea-1024x726-450x319.jpg 450w\" sizes=\"(max-width: 1024px) 100vw, 1024px\" \/>\t\t\t\t\t\t\t\t\t\t\t\t\t\t\t<\/div>\n\t\t\t\t<\/div>\n\t\t\t\t\t<\/div>\n\t\t<\/div>\n\t\t\t\t\t<\/div>\n\t\t<\/section>\n\t\t\t\t<div class=\"elementor-element elementor-element-3248089 elementor-widget elementor-widget-spacer\" data-id=\"3248089\" data-element_type=\"widget\" data-widget_type=\"spacer.default\">\n\t\t\t\t<div class=\"elementor-widget-container\">\n\t\t\t\t\t\t\t<div class=\"elementor-spacer\">\n\t\t\t<div class=\"elementor-spacer-inner\"><\/div>\n\t\t<\/div>\n\t\t\t\t\t\t<\/div>\n\t\t\t\t<\/div>\n\t\t\t\t\t<\/div>\n\t\t<\/div>\n\t\t\t\t\t<\/div>\n\t\t<\/section>\n\t\t\t\t<\/div>\n\t\t","protected":false},"excerpt":{"rendered":"<p>le processus commercial Comprend un personnel expert et comp\u00e9tent suivant le Client de la s\u00e9lection du produit au service apr\u00e8s-vente, garantissant en permanence une consultation personnalis\u00e9e, tant en phase d&rsquo;achat qu&rsquo;en phase d&rsquo;utilisation. La satisfaction du Client est en effet le leitmotiv de la philosophie d&rsquo;entreprise\u00a0Tonon, associant l&rsquo;efficacit\u00e9 d&rsquo;un service orient\u00e9 vers le Client \u00e0 [&hellip;]<\/p>\n","protected":false},"author":1,"featured_media":0,"parent":0,"menu_order":0,"comment_status":"closed","ping_status":"closed","template":"","meta":{"_acf_changed":false,"footnotes":""},"class_list":["post-3696","page","type-page","status-publish","hentry"],"acf":[],"_links":{"self":[{"href":"https:\/\/www.tonon.it\/fr\/wp-json\/wp\/v2\/pages\/3696","targetHints":{"allow":["GET"]}}],"collection":[{"href":"https:\/\/www.tonon.it\/fr\/wp-json\/wp\/v2\/pages"}],"about":[{"href":"https:\/\/www.tonon.it\/fr\/wp-json\/wp\/v2\/types\/page"}],"author":[{"embeddable":true,"href":"https:\/\/www.tonon.it\/fr\/wp-json\/wp\/v2\/users\/1"}],"replies":[{"embeddable":true,"href":"https:\/\/www.tonon.it\/fr\/wp-json\/wp\/v2\/comments?post=3696"}],"version-history":[{"count":6,"href":"https:\/\/www.tonon.it\/fr\/wp-json\/wp\/v2\/pages\/3696\/revisions"}],"predecessor-version":[{"id":5121,"href":"https:\/\/www.tonon.it\/fr\/wp-json\/wp\/v2\/pages\/3696\/revisions\/5121"}],"wp:attachment":[{"href":"https:\/\/www.tonon.it\/fr\/wp-json\/wp\/v2\/media?parent=3696"}],"curies":[{"name":"wp","href":"https:\/\/api.w.org\/{rel}","templated":true}]}}