{"id":3868,"date":"2019-10-15T09:42:57","date_gmt":"2019-10-15T07:42:57","guid":{"rendered":"https:\/\/www.tonon.it\/news-events\/"},"modified":"2020-04-21T16:45:43","modified_gmt":"2020-04-21T14:45:43","slug":"news-events","status":"publish","type":"page","link":"https:\/\/www.tonon.it\/es\/news-events\/","title":{"rendered":"News \/ Events"},"content":{"rendered":"\t\t<div data-elementor-type=\"wp-page\" data-elementor-id=\"3868\" class=\"elementor elementor-3868 elementor-606\" data-elementor-post-type=\"page\">\n\t\t\t\t\t\t<section class=\"elementor-section elementor-top-section elementor-element elementor-element-652be2b elementor-section-full_width elementor-section-height-default elementor-section-height-default\" data-id=\"652be2b\" data-element_type=\"section\">\n\t\t\t\t\t\t<div class=\"elementor-container elementor-column-gap-default\">\n\t\t\t\t\t<div class=\"elementor-column elementor-col-100 elementor-top-column elementor-element elementor-element-cd78aed\" data-id=\"cd78aed\" data-element_type=\"column\">\n\t\t\t<div class=\"elementor-widget-wrap elementor-element-populated\">\n\t\t\t\t\t\t<div class=\"elementor-element elementor-element-d04bfbd elementor-icon-list--layout-inline elementor-align-center elementor-list-item-link-full_width elementor-widget elementor-widget-icon-list\" data-id=\"d04bfbd\" data-element_type=\"widget\" data-widget_type=\"icon-list.default\">\n\t\t\t\t<div class=\"elementor-widget-container\">\n\t\t\t\t\t\t\t<ul class=\"elementor-icon-list-items elementor-inline-items\">\n\t\t\t\t\t\t\t<li class=\"elementor-icon-list-item elementor-inline-item\">\n\t\t\t\t\t\t\t\t\t\t\t<a href=\"https:\/\/www.tonon.it\/news-events\/\">\n\n\t\t\t\t\t\t\t\t\t\t\t<span class=\"elementor-icon-list-text\"><span classe=\"filtroattivo\" style=\"color:#dd042c;\">TUTTE LE NEWS<\/span><\/span>\n\t\t\t\t\t\t\t\t\t\t\t<\/a>\n\t\t\t\t\t\t\t\t\t<\/li>\n\t\t\t\t\t\t\t\t<li class=\"elementor-icon-list-item elementor-inline-item\">\n\t\t\t\t\t\t\t\t\t\t\t<a href=\"https:\/\/www.tonon.it\/news\/\">\n\n\t\t\t\t\t\t\t\t\t\t\t<span class=\"elementor-icon-list-text\">NEWS<\/span>\n\t\t\t\t\t\t\t\t\t\t\t<\/a>\n\t\t\t\t\t\t\t\t\t<\/li>\n\t\t\t\t\t\t\t\t<li class=\"elementor-icon-list-item elementor-inline-item\">\n\t\t\t\t\t\t\t\t\t\t\t<a href=\"https:\/\/www.tonon.it\/events\/\">\n\n\t\t\t\t\t\t\t\t\t\t\t<span class=\"elementor-icon-list-text\">EVENTS<\/span>\n\t\t\t\t\t\t\t\t\t\t\t<\/a>\n\t\t\t\t\t\t\t\t\t<\/li>\n\t\t\t\t\t\t<\/ul>\n\t\t\t\t\t\t<\/div>\n\t\t\t\t<\/div>\n\t\t\t\t<div class=\"elementor-element elementor-element-19b4427 elementor-grid-3 elementor-grid-tablet-2 elementor-grid-mobile-1 elementor-posts--thumbnail-top elementor-card-shadow-yes elementor-posts__hover-gradient elementor-widget elementor-widget-global elementor-global-598 elementor-widget-posts\" data-id=\"19b4427\" data-element_type=\"widget\" data-settings=\"{&quot;pagination_type&quot;:&quot;numbers_and_prev_next&quot;,&quot;motion_fx_motion_fx_scrolling&quot;:&quot;yes&quot;,&quot;motion_fx_translateY_effect&quot;:&quot;yes&quot;,&quot;_animation_tablet&quot;:&quot;none&quot;,&quot;_animation_mobile&quot;:&quot;none&quot;,&quot;cards_columns&quot;:&quot;3&quot;,&quot;cards_columns_tablet&quot;:&quot;2&quot;,&quot;cards_columns_mobile&quot;:&quot;1&quot;,&quot;cards_row_gap&quot;:{&quot;unit&quot;:&quot;px&quot;,&quot;size&quot;:35,&quot;sizes&quot;:[]},&quot;cards_row_gap_tablet&quot;:{&quot;unit&quot;:&quot;px&quot;,&quot;size&quot;:&quot;&quot;,&quot;sizes&quot;:[]},&quot;cards_row_gap_mobile&quot;:{&quot;unit&quot;:&quot;px&quot;,&quot;size&quot;:&quot;&quot;,&quot;sizes&quot;:[]},&quot;motion_fx_translateY_speed&quot;:{&quot;unit&quot;:&quot;px&quot;,&quot;size&quot;:4,&quot;sizes&quot;:[]},&quot;motion_fx_translateY_affectedRange&quot;:{&quot;unit&quot;:&quot;%&quot;,&quot;size&quot;:&quot;&quot;,&quot;sizes&quot;:{&quot;start&quot;:0,&quot;end&quot;:100}},&quot;motion_fx_devices&quot;:[&quot;desktop&quot;,&quot;tablet&quot;,&quot;mobile&quot;]}\" data-widget_type=\"posts.cards\">\n\t\t\t\t<div class=\"elementor-widget-container\">\n\t\t\t\t\t\t\t<div class=\"elementor-posts-container elementor-posts elementor-posts--skin-cards elementor-grid\">\n\t\t\t\t<article class=\"elementor-post elementor-grid-item post-7881 post type-post status-publish format-standard hentry category-events-en-es category-news-es\">\n\t\t\t<div class=\"elementor-post__card\">\n\t\t\t\t<div class=\"elementor-post__text\">\n\t\t\t\t<h3 class=\"elementor-post__title\">\n\t\t\t<a href=\"https:\/\/www.tonon.it\/es\/2024\/04\/12\/in-occasione-del-prossimo-fuorisalone-a-milano-in-via-carroccio-6-myte-presenta-la-nuova-collezione-di-termoarredi-warming-art-di-luigi-notarnicola\/\" >\n\t\t\t\tIn occasione del prossimo fuorisalone a Milano in Via Carroccio 6, Myte presenta la nuova collezione di termoarredi  Warming Art di Luigi Notarnicola\t\t\t<\/a>\n\t\t<\/h3>\n\t\t\t\t<div class=\"elementor-post__excerpt\">\n\t\t\t\t\t<\/div>\n\t\t\n\t\t<a class=\"elementor-post__read-more\" href=\"https:\/\/www.tonon.it\/es\/2024\/04\/12\/in-occasione-del-prossimo-fuorisalone-a-milano-in-via-carroccio-6-myte-presenta-la-nuova-collezione-di-termoarredi-warming-art-di-luigi-notarnicola\/\" aria-label=\"M\u00e1s informaci\u00f3n sobre In occasione del prossimo fuorisalone a Milano in Via Carroccio 6, Myte presenta la nuova collezione di termoarredi  Warming Art di Luigi Notarnicola\" tabindex=\"-1\" >\n\t\t\t<img decoding=\"async\" style=\"margin-bottom: 3px;margin-right: 5px\" src=\"\/wp-content\/uploads\/2019\/10\/elemento_grafico.gif\" alt=\"leggitutto\"> LEGGI TUTTO\t\t<\/a>\n\n\t\t\t\t<\/div>\n\t\t\t\t<div class=\"elementor-post__meta-data\">\n\t\t\t\t\t<span class=\"elementor-post-date\">\n\t\t\t12 abril 2024\t\t<\/span>\n\t\t\t\t<\/div>\n\t\t\t\t\t<\/div>\n\t\t<\/article>\n\t\t\t\t<article class=\"elementor-post elementor-grid-item post-5124 post type-post status-publish format-standard has-post-thumbnail hentry category-eventi-es\">\n\t\t\t<div class=\"elementor-post__card\">\n\t\t\t\t<a class=\"elementor-post__thumbnail__link\" href=\"https:\/\/www.tonon.it\/es\/2020\/02\/03\/interior-mebel\/\" tabindex=\"-1\" ><div class=\"elementor-post__thumbnail\"><img fetchpriority=\"high\" decoding=\"async\" width=\"300\" height=\"250\" src=\"https:\/\/www.tonon.it\/wp-content\/uploads\/2020\/01\/popup_kiev-300x250.jpg\" class=\"attachment-medium size-medium wp-image-3097\" alt=\"\" srcset=\"https:\/\/www.tonon.it\/wp-content\/uploads\/2020\/01\/popup_kiev-300x250.jpg 300w, https:\/\/www.tonon.it\/wp-content\/uploads\/2020\/01\/popup_kiev-768x640.jpg 768w, https:\/\/www.tonon.it\/wp-content\/uploads\/2020\/01\/popup_kiev-1030x859.jpg 1030w, https:\/\/www.tonon.it\/wp-content\/uploads\/2020\/01\/popup_kiev-705x588.jpg 705w, https:\/\/www.tonon.it\/wp-content\/uploads\/2020\/01\/popup_kiev-450x375.jpg 450w, https:\/\/www.tonon.it\/wp-content\/uploads\/2020\/01\/popup_kiev.jpg 1250w\" sizes=\"(max-width: 300px) 100vw, 300px\" \/><\/div><\/a>\n\t\t\t\t<div class=\"elementor-post__badge\">Eventos<\/div>\n\t\t\t\t<div class=\"elementor-post__text\">\n\t\t\t\t<h3 class=\"elementor-post__title\">\n\t\t\t<a href=\"https:\/\/www.tonon.it\/es\/2020\/02\/03\/interior-mebel\/\" >\n\t\t\t\tINTERIOR MEBEL\t\t\t<\/a>\n\t\t<\/h3>\n\t\t\t\t<div class=\"elementor-post__excerpt\">\n\t\t\t<p>La exposici\u00f3n internacional de muebles en Kiev INTERIOR MEBEL 5-9 FEBRERO 2020 KievTonon Evolution participa en Interior Mebel 2020, la exposici\u00f3n internacional de mueblesEnfoque de<\/p>\n\t\t<\/div>\n\t\t\n\t\t<a class=\"elementor-post__read-more\" href=\"https:\/\/www.tonon.it\/es\/2020\/02\/03\/interior-mebel\/\" aria-label=\"M\u00e1s informaci\u00f3n sobre INTERIOR MEBEL\" tabindex=\"-1\" >\n\t\t\t<img decoding=\"async\" style=\"margin-bottom: 3px;margin-right: 5px\" src=\"\/wp-content\/uploads\/2019\/10\/elemento_grafico.gif\" alt=\"leggitutto\"> LEGGI TUTTO\t\t<\/a>\n\n\t\t\t\t<\/div>\n\t\t\t\t<div class=\"elementor-post__meta-data\">\n\t\t\t\t\t<span class=\"elementor-post-date\">\n\t\t\t3 febrero 2020\t\t<\/span>\n\t\t\t\t<\/div>\n\t\t\t\t\t<\/div>\n\t\t<\/article>\n\t\t\t\t<article class=\"elementor-post elementor-grid-item post-5126 post type-post status-publish format-standard has-post-thumbnail hentry category-news-es\">\n\t\t\t<div class=\"elementor-post__card\">\n\t\t\t\t<a class=\"elementor-post__thumbnail__link\" href=\"https:\/\/www.tonon.it\/es\/2020\/01\/31\/green-energy-evo\/\" tabindex=\"-1\" ><div class=\"elementor-post__thumbnail\"><img decoding=\"async\" width=\"300\" height=\"198\" src=\"https:\/\/www.tonon.it\/wp-content\/uploads\/2020\/01\/greeneconomy_611x403-300x198.jpg\" class=\"attachment-medium size-medium wp-image-3480\" alt=\"\" srcset=\"https:\/\/www.tonon.it\/wp-content\/uploads\/2020\/01\/greeneconomy_611x403-300x198.jpg 300w, https:\/\/www.tonon.it\/wp-content\/uploads\/2020\/01\/greeneconomy_611x403-450x297.jpg 450w, https:\/\/www.tonon.it\/wp-content\/uploads\/2020\/01\/greeneconomy_611x403.jpg 611w\" sizes=\"(max-width: 300px) 100vw, 300px\" \/><\/div><\/a>\n\t\t\t\t<div class=\"elementor-post__badge\">News<\/div>\n\t\t\t\t<div class=\"elementor-post__text\">\n\t\t\t\t<h3 class=\"elementor-post__title\">\n\t\t\t<a href=\"https:\/\/www.tonon.it\/es\/2020\/01\/31\/green-energy-evo\/\" >\n\t\t\t\tGREEN &#038; ENERGY EVO\t\t\t<\/a>\n\t\t<\/h3>\n\t\t\t\t<div class=\"elementor-post__excerpt\">\n\t\t\t<p>Le molteplici variazioni di energia rinnovabile. \u00a0 L&#8217;energia rinnovabile \u00e8 l&#8217;energia che viene raccolta da risorse rinnovabili, che vengono naturalmente reintegrate in una scala temporale<\/p>\n\t\t<\/div>\n\t\t\n\t\t<a class=\"elementor-post__read-more\" href=\"https:\/\/www.tonon.it\/es\/2020\/01\/31\/green-energy-evo\/\" aria-label=\"M\u00e1s informaci\u00f3n sobre GREEN &#038; ENERGY EVO\" tabindex=\"-1\" >\n\t\t\t<img decoding=\"async\" style=\"margin-bottom: 3px;margin-right: 5px\" src=\"\/wp-content\/uploads\/2019\/10\/elemento_grafico.gif\" alt=\"leggitutto\"> LEGGI TUTTO\t\t<\/a>\n\n\t\t\t\t<\/div>\n\t\t\t\t<div class=\"elementor-post__meta-data\">\n\t\t\t\t\t<span class=\"elementor-post-date\">\n\t\t\t31 enero 2020\t\t<\/span>\n\t\t\t\t<\/div>\n\t\t\t\t\t<\/div>\n\t\t<\/article>\n\t\t\t\t<article class=\"elementor-post elementor-grid-item post-5128 post type-post status-publish format-standard has-post-thumbnail hentry category-news-es\">\n\t\t\t<div class=\"elementor-post__card\">\n\t\t\t\t<a class=\"elementor-post__thumbnail__link\" href=\"https:\/\/www.tonon.it\/es\/2020\/01\/01\/colore-dellanno-2020\/\" tabindex=\"-1\" ><div class=\"elementor-post__thumbnail\"><img decoding=\"async\" width=\"300\" height=\"198\" src=\"https:\/\/www.tonon.it\/wp-content\/uploads\/2020\/01\/coloroftheyear_611x403-300x198.jpg\" class=\"attachment-medium size-medium wp-image-3475\" alt=\"\" srcset=\"https:\/\/www.tonon.it\/wp-content\/uploads\/2020\/01\/coloroftheyear_611x403-300x198.jpg 300w, https:\/\/www.tonon.it\/wp-content\/uploads\/2020\/01\/coloroftheyear_611x403-450x297.jpg 450w, https:\/\/www.tonon.it\/wp-content\/uploads\/2020\/01\/coloroftheyear_611x403.jpg 611w\" sizes=\"(max-width: 300px) 100vw, 300px\" \/><\/div><\/a>\n\t\t\t\t<div class=\"elementor-post__badge\">News<\/div>\n\t\t\t\t<div class=\"elementor-post__text\">\n\t\t\t\t<h3 class=\"elementor-post__title\">\n\t\t\t<a href=\"https:\/\/www.tonon.it\/es\/2020\/01\/01\/colore-dellanno-2020\/\" >\n\t\t\t\tCOLOR DEL A\u00d1O 2020\t\t\t<\/a>\n\t\t<\/h3>\n\t\t\t\t<div class=\"elementor-post__excerpt\">\n\t\t\t<p>Al infundir calma, confianza y un sentido de conexi\u00f3n, este tono de azul atemporal resalta nuestro deseo de una base estable y confiable desde la<\/p>\n\t\t<\/div>\n\t\t\n\t\t<a class=\"elementor-post__read-more\" href=\"https:\/\/www.tonon.it\/es\/2020\/01\/01\/colore-dellanno-2020\/\" aria-label=\"M\u00e1s informaci\u00f3n sobre COLOR DEL A\u00d1O 2020\" tabindex=\"-1\" >\n\t\t\t<img decoding=\"async\" style=\"margin-bottom: 3px;margin-right: 5px\" src=\"\/wp-content\/uploads\/2019\/10\/elemento_grafico.gif\" alt=\"leggitutto\"> LEGGI TUTTO\t\t<\/a>\n\n\t\t\t\t<\/div>\n\t\t\t\t<div class=\"elementor-post__meta-data\">\n\t\t\t\t\t<span class=\"elementor-post-date\">\n\t\t\t1 enero 2020\t\t<\/span>\n\t\t\t\t<\/div>\n\t\t\t\t\t<\/div>\n\t\t<\/article>\n\t\t\t\t<article class=\"elementor-post elementor-grid-item post-5130 post type-post status-publish format-standard has-post-thumbnail hentry category-eventi-es\">\n\t\t\t<div class=\"elementor-post__card\">\n\t\t\t\t<a class=\"elementor-post__thumbnail__link\" href=\"https:\/\/www.tonon.it\/es\/2019\/12\/04\/dubai-2019\/\" tabindex=\"-1\" ><div class=\"elementor-post__thumbnail\"><img loading=\"lazy\" decoding=\"async\" width=\"300\" height=\"198\" src=\"https:\/\/www.tonon.it\/wp-content\/uploads\/2019\/12\/dubai_611x403-300x198.png\" class=\"attachment-medium size-medium wp-image-3571\" alt=\"\" srcset=\"https:\/\/www.tonon.it\/wp-content\/uploads\/2019\/12\/dubai_611x403-300x198.png 300w, https:\/\/www.tonon.it\/wp-content\/uploads\/2019\/12\/dubai_611x403-450x297.png 450w, https:\/\/www.tonon.it\/wp-content\/uploads\/2019\/12\/dubai_611x403.png 611w\" sizes=\"(max-width: 300px) 100vw, 300px\" \/><\/div><\/a>\n\t\t\t\t<div class=\"elementor-post__badge\">Eventos<\/div>\n\t\t\t\t<div class=\"elementor-post__text\">\n\t\t\t\t<h3 class=\"elementor-post__title\">\n\t\t\t<a href=\"https:\/\/www.tonon.it\/es\/2019\/12\/04\/dubai-2019\/\" >\n\t\t\t\tDUBAI 2019\t\t\t<\/a>\n\t\t<\/h3>\n\t\t\t\t<div class=\"elementor-post__excerpt\">\n\t\t\t<p>The big 5: show internacional de construcci\u00f3n y construcci\u00f3n Tonon Evolution en colaboraci\u00f3n con la C\u00e1mara de Comercio de Dubai participa en la Feria Internacional<\/p>\n\t\t<\/div>\n\t\t\n\t\t<a class=\"elementor-post__read-more\" href=\"https:\/\/www.tonon.it\/es\/2019\/12\/04\/dubai-2019\/\" aria-label=\"M\u00e1s informaci\u00f3n sobre DUBAI 2019\" tabindex=\"-1\" >\n\t\t\t<img decoding=\"async\" style=\"margin-bottom: 3px;margin-right: 5px\" src=\"\/wp-content\/uploads\/2019\/10\/elemento_grafico.gif\" alt=\"leggitutto\"> LEGGI TUTTO\t\t<\/a>\n\n\t\t\t\t<\/div>\n\t\t\t\t<div class=\"elementor-post__meta-data\">\n\t\t\t\t\t<span class=\"elementor-post-date\">\n\t\t\t4 diciembre 2019\t\t<\/span>\n\t\t\t\t<\/div>\n\t\t\t\t\t<\/div>\n\t\t<\/article>\n\t\t\t\t<article class=\"elementor-post elementor-grid-item post-5132 post type-post status-publish format-standard has-post-thumbnail hentry category-eventi-es\">\n\t\t\t<div class=\"elementor-post__card\">\n\t\t\t\t<a class=\"elementor-post__thumbnail__link\" href=\"https:\/\/www.tonon.it\/es\/2019\/10\/30\/cersaie-2019\/\" tabindex=\"-1\" ><div class=\"elementor-post__thumbnail\"><img loading=\"lazy\" decoding=\"async\" width=\"300\" height=\"198\" src=\"https:\/\/www.tonon.it\/wp-content\/uploads\/2019\/10\/cersaie_611x403-300x198.png\" class=\"attachment-medium size-medium wp-image-3575\" alt=\"\" srcset=\"https:\/\/www.tonon.it\/wp-content\/uploads\/2019\/10\/cersaie_611x403-300x198.png 300w, https:\/\/www.tonon.it\/wp-content\/uploads\/2019\/10\/cersaie_611x403-450x297.png 450w, https:\/\/www.tonon.it\/wp-content\/uploads\/2019\/10\/cersaie_611x403.png 611w\" sizes=\"(max-width: 300px) 100vw, 300px\" \/><\/div><\/a>\n\t\t\t\t<div class=\"elementor-post__badge\">Eventos<\/div>\n\t\t\t\t<div class=\"elementor-post__text\">\n\t\t\t\t<h3 class=\"elementor-post__title\">\n\t\t\t<a href=\"https:\/\/www.tonon.it\/es\/2019\/10\/30\/cersaie-2019\/\" >\n\t\t\t\tCERSAIE 2019\t\t\t<\/a>\n\t\t<\/h3>\n\t\t\t\t<div class=\"elementor-post__excerpt\">\n\t\t\t<p>Presente con el nuevo radiador Wood 5.5 en el stand de ITLAS<\/p>\n\t\t<\/div>\n\t\t\n\t\t<a class=\"elementor-post__read-more\" href=\"https:\/\/www.tonon.it\/es\/2019\/10\/30\/cersaie-2019\/\" aria-label=\"M\u00e1s informaci\u00f3n sobre CERSAIE 2019\" tabindex=\"-1\" >\n\t\t\t<img decoding=\"async\" style=\"margin-bottom: 3px;margin-right: 5px\" src=\"\/wp-content\/uploads\/2019\/10\/elemento_grafico.gif\" alt=\"leggitutto\"> LEGGI TUTTO\t\t<\/a>\n\n\t\t\t\t<\/div>\n\t\t\t\t<div class=\"elementor-post__meta-data\">\n\t\t\t\t\t<span class=\"elementor-post-date\">\n\t\t\t30 octubre 2019\t\t<\/span>\n\t\t\t\t<\/div>\n\t\t\t\t\t<\/div>\n\t\t<\/article>\n\t\t\t\t<\/div>\n\t\t\n\t\t\t\t\t\t<\/div>\n\t\t\t\t<\/div>\n\t\t\t\t\t<\/div>\n\t\t<\/div>\n\t\t\t\t\t<\/div>\n\t\t<\/section>\n\t\t\t\t<\/div>\n\t\t","protected":false},"excerpt":{"rendered":"<p>TUTTE LE NEWS NEWS EVENTS<\/p>\n","protected":false},"author":1,"featured_media":0,"parent":0,"menu_order":0,"comment_status":"closed","ping_status":"closed","template":"","meta":{"_acf_changed":false,"footnotes":""},"class_list":["post-3868","page","type-page","status-publish","hentry"],"acf":[],"_links":{"self":[{"href":"https:\/\/www.tonon.it\/es\/wp-json\/wp\/v2\/pages\/3868","targetHints":{"allow":["GET"]}}],"collection":[{"href":"https:\/\/www.tonon.it\/es\/wp-json\/wp\/v2\/pages"}],"about":[{"href":"https:\/\/www.tonon.it\/es\/wp-json\/wp\/v2\/types\/page"}],"author":[{"embeddable":true,"href":"https:\/\/www.tonon.it\/es\/wp-json\/wp\/v2\/users\/1"}],"replies":[{"embeddable":true,"href":"https:\/\/www.tonon.it\/es\/wp-json\/wp\/v2\/comments?post=3868"}],"version-history":[{"count":17,"href":"https:\/\/www.tonon.it\/es\/wp-json\/wp\/v2\/pages\/3868\/revisions"}],"predecessor-version":[{"id":5174,"href":"https:\/\/www.tonon.it\/es\/wp-json\/wp\/v2\/pages\/3868\/revisions\/5174"}],"wp:attachment":[{"href":"https:\/\/www.tonon.it\/es\/wp-json\/wp\/v2\/media?parent=3868"}],"curies":[{"name":"wp","href":"https:\/\/api.w.org\/{rel}","templated":true}]}}