{"id":3718,"date":"2020-01-30T17:00:48","date_gmt":"2020-01-30T16:00:48","guid":{"rendered":"https:\/\/www.tonon.it\/for-you-2\/"},"modified":"2020-03-26T16:07:46","modified_gmt":"2020-03-26T15:07:46","slug":"for-you-2","status":"publish","type":"page","link":"https:\/\/www.tonon.it\/es\/for-you-2\/","title":{"rendered":"FOR YOU"},"content":{"rendered":"\t\t<div data-elementor-type=\"wp-page\" data-elementor-id=\"3718\" class=\"elementor elementor-3718\" data-elementor-post-type=\"page\">\n\t\t\t\t\t\t<section class=\"elementor-section elementor-top-section elementor-element elementor-element-b5a2374 elementor-section-stretched elementor-section-full_width elementor-section-height-default elementor-section-height-default\" data-id=\"b5a2374\" data-element_type=\"section\" id=\"sezione1\" data-settings=\"{&quot;stretch_section&quot;:&quot;section-stretched&quot;}\">\n\t\t\t\t\t\t<div class=\"elementor-container elementor-column-gap-default\">\n\t\t\t\t\t<div class=\"elementor-column elementor-col-100 elementor-top-column elementor-element elementor-element-05c4313\" data-id=\"05c4313\" data-element_type=\"column\">\n\t\t\t<div class=\"elementor-widget-wrap elementor-element-populated\">\n\t\t\t\t\t\t<section class=\"elementor-section elementor-inner-section elementor-element elementor-element-9b14736 elementor-section-full_width elementor-section-height-default elementor-section-height-default\" data-id=\"9b14736\" data-element_type=\"section\">\n\t\t\t\t\t\t<div class=\"elementor-container elementor-column-gap-default\">\n\t\t\t\t\t<div class=\"elementor-column elementor-col-100 elementor-inner-column elementor-element elementor-element-5ec61b8\" data-id=\"5ec61b8\" data-element_type=\"column\">\n\t\t\t<div class=\"elementor-widget-wrap elementor-element-populated\">\n\t\t\t\t\t\t<div class=\"elementor-element elementor-element-bc5e8ef elementor-widget elementor-widget-heading\" data-id=\"bc5e8ef\" data-element_type=\"widget\" data-widget_type=\"heading.default\">\n\t\t\t\t<div class=\"elementor-widget-container\">\n\t\t\t\t\t<h2 class=\"elementor-heading-title elementor-size-default\">for you - <br>CALOR A MEDIDA<span style=\"font-family: Roboto, sans-serif;font-size: 28px;font-weight: 600\"><\/span><\/h2>\t\t\t\t<\/div>\n\t\t\t\t<\/div>\n\t\t\t\t\t<\/div>\n\t\t<\/div>\n\t\t\t\t\t<\/div>\n\t\t<\/section>\n\t\t\t\t<section class=\"elementor-section elementor-inner-section elementor-element elementor-element-e630fc4 elementor-section-boxed elementor-section-height-default elementor-section-height-default\" data-id=\"e630fc4\" data-element_type=\"section\">\n\t\t\t\t\t\t<div class=\"elementor-container elementor-column-gap-default\">\n\t\t\t\t\t<div class=\"elementor-column elementor-col-50 elementor-inner-column elementor-element elementor-element-e71602b\" data-id=\"e71602b\" data-element_type=\"column\">\n\t\t\t<div class=\"elementor-widget-wrap elementor-element-populated\">\n\t\t\t\t\t\t<div class=\"elementor-element elementor-element-1e7ce16 elementor-widget elementor-widget-text-editor\" data-id=\"1e7ce16\" data-element_type=\"widget\" data-widget_type=\"text-editor.default\">\n\t\t\t\t<div class=\"elementor-widget-container\">\n\t\t\t\t\t\t\t\t\t<div class=\"wpb_text_column wpb_content_element \" style=\"margin-bottom: 35px;\"><div class=\"wpb_wrapper\"><div style=\"color: #72787b; font-family: Roboto; font-size: 16px; font-style: normal; font-variant-ligatures: normal; font-variant-caps: normal;\"><div style=\"color: #72787b; font-family: Roboto; font-size: 16px; font-style: normal; font-variant-ligatures: normal; font-variant-caps: normal;\"><strong>La personalizaci\u00f3n es la nueva tendencia en mobiliario; <\/strong>elegir el estilo y satisfacer todas las necesidades de nuestros clientes, incluso los m\u00e1s complejos, es la misi\u00f3n de <strong>Tonon Evolution<\/strong>.<\/div><div style=\"color: #72787b; font-family: Roboto; font-size: 16px; font-style: normal; font-variant-ligatures: normal; font-variant-caps: normal;\"><strong>Tonon Evolution<\/strong> trabaja con este concepto. La versatilidad de la compa\u00f1\u00eda le ha permitido desarrollar una amplia gama de productos para satisfacer todas las demandas del mercado, y tambi\u00e9n ofrece al cliente la oportunidad de crear un toallero calentado \u00aba medida\u00bb con acabados innovadores.<\/div><\/div><\/div><\/div><p><style type=\"text\/css\">\np.p1 {margin: 0.0px 0.0px 0.0px 0.0px; font: 16.0px Times; color: #2d2d2d}<br \/><\/style><\/p>\t\t\t\t\t\t\t\t<\/div>\n\t\t\t\t<\/div>\n\t\t\t\t<div class=\"elementor-element elementor-element-178207d elementor-widget-divider--view-line elementor-widget elementor-widget-divider\" data-id=\"178207d\" data-element_type=\"widget\" data-widget_type=\"divider.default\">\n\t\t\t\t<div class=\"elementor-widget-container\">\n\t\t\t\t\t\t\t<div class=\"elementor-divider\">\n\t\t\t<span class=\"elementor-divider-separator\">\n\t\t\t\t\t\t<\/span>\n\t\t<\/div>\n\t\t\t\t\t\t<\/div>\n\t\t\t\t<\/div>\n\t\t\t\t<div class=\"elementor-element elementor-element-5bd507e elementor-widget elementor-widget-heading\" data-id=\"5bd507e\" data-element_type=\"widget\" data-widget_type=\"heading.default\">\n\t\t\t\t<div class=\"elementor-widget-container\">\n\t\t\t\t\t<h3 class=\"elementor-heading-title elementor-size-default\">Vuoi creare il tuo termoarredo?<\/h3>\t\t\t\t<\/div>\n\t\t\t\t<\/div>\n\t\t\t\t<div class=\"elementor-element elementor-element-25f027d icone-portfolio elementor-view-default elementor-position-top elementor-mobile-position-top elementor-widget elementor-widget-global elementor-global-327 elementor-widget-icon-box\" data-id=\"25f027d\" data-element_type=\"widget\" data-widget_type=\"icon-box.default\">\n\t\t\t\t<div class=\"elementor-widget-container\">\n\t\t\t\t\t\t\t<div class=\"elementor-icon-box-wrapper\">\n\n\t\t\t\t\t\t<div class=\"elementor-icon-box-icon\">\n\t\t\t\t<a href=\"https:\/\/www.tonon.it\/contatti\/\" class=\"elementor-icon elementor-animation-grow\" tabindex=\"-1\" aria-label=\"CONTATTACI\">\n\t\t\t\t<svg xmlns=\"http:\/\/www.w3.org\/2000\/svg\" xmlns:xlink=\"http:\/\/www.w3.org\/1999\/xlink\" id=\"Capa_1\" x=\"0px\" y=\"0px\" viewBox=\"0 0 511.874 511.874\" style=\"enable-background:new 0 0 511.874 511.874;\" xml:space=\"preserve\"> <g> <g> <g> <path d=\"M490.114,12.813H132.568c-12.012,0.014-21.746,9.748-21.76,21.76v98.62l-16.35-24.525 c-7.484-11.289-22.535-14.676-34.133-7.68l-33.638,20.224c-11.016,6.464-19.097,16.946-22.545,29.244 c-12.271,44.681-3.166,121.66,109.824,234.667C203.821,474.885,270.816,499.06,316.99,499.06 c10.69,0.049,21.339-1.34,31.659-4.13c12.293-3.448,22.775-11.518,29.252-22.519l20.198-33.673 c6.968-11.589,3.584-26.609-7.68-34.091l-80.546-53.692c-11.049-7.308-25.859-4.905-34.031,5.521l-23.45,30.148 c-2.451,3.226-6.897,4.166-10.445,2.21l-4.463-2.458c-14.686-8.004-32.964-17.971-69.879-54.886 c-3.994-3.994-7.612-7.731-11.008-11.307h333.517c11.982,0.009,21.713-9.676,21.76-21.658V34.573 C511.86,22.561,502.126,12.827,490.114,12.813z M229.318,401.362l4.335,2.381c10.897,6.093,24.614,3.266,32.213-6.639 l23.45-30.148c2.666-3.396,7.49-4.179,11.093-1.801l80.546,53.692c3.659,2.439,4.759,7.321,2.5,11.093l-20.198,33.673 c-4.218,7.233-11.071,12.553-19.123,14.848c-40.337,11.093-110.933,1.707-218.078-105.446S9.56,195.273,20.627,154.97 c2.293-8.051,7.61-14.903,14.839-19.123l33.673-20.207c3.773-2.254,8.652-1.155,11.093,2.5l53.717,80.546 c2.382,3.602,1.599,8.43-1.801,11.093l-30.157,23.458c-9.903,7.597-12.731,21.311-6.639,32.205l2.389,4.335 c8.533,15.65,19.14,35.123,57.805,73.779C194.212,382.213,213.677,392.828,229.318,401.362z M494.808,298.526 c-0.028,2.567-2.127,4.627-4.693,4.608H141.203c-11.083-12.674-20.64-26.604-28.476-41.506l-2.458-4.48 c-1.96-3.54-1.022-7.982,2.202-10.428l30.157-23.458c10.43-8.17,12.833-22.982,5.521-34.031l-20.275-30.43V34.573 c-0.014-1.249,0.476-2.451,1.359-3.334c0.883-0.883,2.085-1.373,3.334-1.359h357.547c1.249-0.014,2.451,0.476,3.334,1.359 c0.883,0.883,1.373,2.085,1.359,3.334V298.526z\"><\/path> <path d=\"M460.725,52.323l-142.618,108.16c-4.035,2.932-9.499,2.932-13.534,0L162.008,52.323 c-3.756-2.849-9.111-2.113-11.959,1.643c-2.849,3.756-2.113,9.111,1.643,11.959l142.583,108.151 c10.144,7.494,23.989,7.494,34.133,0L471.034,65.925c1.805-1.368,2.992-3.398,3.299-5.642c0.307-2.244-0.29-4.518-1.661-6.321 C469.824,50.213,464.478,49.48,460.725,52.323z\"><\/path> <path d=\"M238.517,174.793l-87.415,93.611c-3.214,3.447-3.025,8.848,0.422,12.062c3.447,3.214,8.848,3.025,12.062-0.422 l87.416-93.653c2.888-3.484,2.553-8.617-0.762-11.698C246.924,171.612,241.78,171.656,238.517,174.793z\"><\/path> <path d=\"M384.728,174.793c-3.214-3.447-8.614-3.637-12.062-0.422c-3.447,3.214-3.637,8.614-0.422,12.062l87.39,93.611 c3.214,3.447,8.614,3.637,12.062,0.422c3.447-3.214,3.637-8.614,0.422-12.062L384.728,174.793z\"><\/path> <\/g> <\/g> <\/g> <g> <\/g> <g> <\/g> <g> <\/g> <g> <\/g> <g> <\/g> <g> <\/g> <g> <\/g> <g> <\/g> <g> <\/g> <g> <\/g> <g> <\/g> <g> <\/g> <g> <\/g> <g> <\/g> <g> <\/g> <\/svg>\t\t\t\t<\/a>\n\t\t\t<\/div>\n\t\t\t\n\t\t\t\t\t\t<div class=\"elementor-icon-box-content\">\n\n\t\t\t\t\t\t\t\t\t<h3 class=\"elementor-icon-box-title\">\n\t\t\t\t\t\t<a href=\"https:\/\/www.tonon.it\/contatti\/\" >\n\t\t\t\t\t\t\tCONTATTACI\t\t\t\t\t\t<\/a>\n\t\t\t\t\t<\/h3>\n\t\t\t\t\n\t\t\t\t\n\t\t\t<\/div>\n\t\t\t\n\t\t<\/div>\n\t\t\t\t\t\t<\/div>\n\t\t\t\t<\/div>\n\t\t\t\t\t<\/div>\n\t\t<\/div>\n\t\t\t\t<div class=\"elementor-column elementor-col-50 elementor-inner-column elementor-element elementor-element-fba0bdf\" data-id=\"fba0bdf\" data-element_type=\"column\">\n\t\t\t<div class=\"elementor-widget-wrap elementor-element-populated\">\n\t\t\t\t\t\t<div class=\"elementor-element elementor-element-d490559 elementor-widget elementor-widget-image\" data-id=\"d490559\" data-element_type=\"widget\" data-widget_type=\"image.default\">\n\t\t\t\t<div class=\"elementor-widget-container\">\n\t\t\t\t\t\t\t\t\t\t\t\t\t\t\t<img fetchpriority=\"high\" decoding=\"async\" width=\"805\" height=\"1030\" src=\"https:\/\/www.tonon.it\/wp-content\/uploads\/2020\/01\/foryou_1000x1279-805x1030.jpg\" class=\"attachment-large size-large wp-image-3164\" alt=\"\" srcset=\"https:\/\/www.tonon.it\/wp-content\/uploads\/2020\/01\/foryou_1000x1279-805x1030.jpg 805w, https:\/\/www.tonon.it\/wp-content\/uploads\/2020\/01\/foryou_1000x1279-235x300.jpg 235w, https:\/\/www.tonon.it\/wp-content\/uploads\/2020\/01\/foryou_1000x1279-768x982.jpg 768w, https:\/\/www.tonon.it\/wp-content\/uploads\/2020\/01\/foryou_1000x1279-551x705.jpg 551w, https:\/\/www.tonon.it\/wp-content\/uploads\/2020\/01\/foryou_1000x1279-450x576.jpg 450w, https:\/\/www.tonon.it\/wp-content\/uploads\/2020\/01\/foryou_1000x1279.jpg 1000w\" sizes=\"(max-width: 805px) 100vw, 805px\" \/>\t\t\t\t\t\t\t\t\t\t\t\t\t\t\t<\/div>\n\t\t\t\t<\/div>\n\t\t\t\t\t<\/div>\n\t\t<\/div>\n\t\t\t\t\t<\/div>\n\t\t<\/section>\n\t\t\t\t\t<\/div>\n\t\t<\/div>\n\t\t\t\t\t<\/div>\n\t\t<\/section>\n\t\t\t\t<\/div>\n\t\t","protected":false},"excerpt":{"rendered":"<p>for you &#8211; CALOR A MEDIDA La personalizaci\u00f3n es la nueva tendencia en mobiliario; elegir el estilo y satisfacer todas las necesidades de nuestros clientes, incluso los m\u00e1s complejos, es la misi\u00f3n de Tonon Evolution.Tonon Evolution trabaja con este concepto. La versatilidad de la compa\u00f1\u00eda le ha permitido desarrollar una amplia gama de productos para [&hellip;]<\/p>\n","protected":false},"author":1,"featured_media":0,"parent":0,"menu_order":0,"comment_status":"closed","ping_status":"closed","template":"","meta":{"_acf_changed":false,"footnotes":""},"class_list":["post-3718","page","type-page","status-publish","hentry"],"acf":[],"_links":{"self":[{"href":"https:\/\/www.tonon.it\/es\/wp-json\/wp\/v2\/pages\/3718","targetHints":{"allow":["GET"]}}],"collection":[{"href":"https:\/\/www.tonon.it\/es\/wp-json\/wp\/v2\/pages"}],"about":[{"href":"https:\/\/www.tonon.it\/es\/wp-json\/wp\/v2\/types\/page"}],"author":[{"embeddable":true,"href":"https:\/\/www.tonon.it\/es\/wp-json\/wp\/v2\/users\/1"}],"replies":[{"embeddable":true,"href":"https:\/\/www.tonon.it\/es\/wp-json\/wp\/v2\/comments?post=3718"}],"version-history":[{"count":5,"href":"https:\/\/www.tonon.it\/es\/wp-json\/wp\/v2\/pages\/3718\/revisions"}],"predecessor-version":[{"id":3735,"href":"https:\/\/www.tonon.it\/es\/wp-json\/wp\/v2\/pages\/3718\/revisions\/3735"}],"wp:attachment":[{"href":"https:\/\/www.tonon.it\/es\/wp-json\/wp\/v2\/media?parent=3718"}],"curies":[{"name":"wp","href":"https:\/\/api.w.org\/{rel}","templated":true}]}}