{"id":3698,"date":"2019-10-08T13:03:26","date_gmt":"2019-10-08T11:03:26","guid":{"rendered":"https:\/\/www.tonon.it\/approach\/"},"modified":"2020-03-26T15:06:21","modified_gmt":"2020-03-26T14:06:21","slug":"approach","status":"publish","type":"page","link":"https:\/\/www.tonon.it\/es\/approach\/","title":{"rendered":"Approach"},"content":{"rendered":"\t\t<div data-elementor-type=\"wp-page\" data-elementor-id=\"3698\" class=\"elementor elementor-3698 elementor-39\" data-elementor-post-type=\"page\">\n\t\t\t\t\t\t<section class=\"elementor-section elementor-top-section elementor-element elementor-element-9044888 elementor-section-full_width elementor-section-height-default elementor-section-height-default\" data-id=\"9044888\" data-element_type=\"section\">\n\t\t\t\t\t\t<div class=\"elementor-container elementor-column-gap-default\">\n\t\t\t\t\t<div class=\"elementor-column elementor-col-100 elementor-top-column elementor-element elementor-element-2867a3a\" data-id=\"2867a3a\" data-element_type=\"column\">\n\t\t\t<div class=\"elementor-widget-wrap elementor-element-populated\">\n\t\t\t\t\t\t<section class=\"elementor-section elementor-inner-section elementor-element elementor-element-8e392f4 elementor-section-full_width elementor-section-height-default elementor-section-height-default\" data-id=\"8e392f4\" data-element_type=\"section\">\n\t\t\t\t\t\t<div class=\"elementor-container elementor-column-gap-default\">\n\t\t\t\t\t<div class=\"elementor-column elementor-col-33 elementor-inner-column elementor-element elementor-element-785470b\" data-id=\"785470b\" data-element_type=\"column\">\n\t\t\t<div class=\"elementor-widget-wrap elementor-element-populated\">\n\t\t\t\t\t\t<div class=\"elementor-element elementor-element-4c93447 elementor-widget elementor-widget-heading\" data-id=\"4c93447\" data-element_type=\"widget\" data-widget_type=\"heading.default\">\n\t\t\t\t<div class=\"elementor-widget-container\">\n\t\t\t\t\t<h2 class=\"elementor-heading-title elementor-size-default\">Il processo commerciale<\/h2>\t\t\t\t<\/div>\n\t\t\t\t<\/div>\n\t\t\t\t<div class=\"elementor-element elementor-element-ffcf5c1 elementor-widget elementor-widget-text-editor\" data-id=\"ffcf5c1\" data-element_type=\"widget\" data-widget_type=\"text-editor.default\">\n\t\t\t\t<div class=\"elementor-widget-container\">\n\t\t\t\t\t\t\t\t\t<span style=\"color: #72787b; font-family: Roboto; font-size: 16px; font-style: normal; font-variant-ligatures: normal; font-variant-caps: normal; font-weight: 400; text-align: right;\">Comprende personale esperto e competente che segue il Cliente dalla scelta fino al postvendita, assicurando sempre una consulenza personalizzata, sia in fase di acquisto, sia in fase d\u2019utilizzo. La soddisfazione del Cliente \u00e8 infatti il leitmotiv della filosofia aziendale\u00a0<\/span><span style=\"font-weight: bold; color: #72787b; font-family: Roboto; font-size: 16px; font-style: normal; font-variant-ligatures: normal; font-variant-caps: normal; text-align: right;\">Tonon Evolution<\/span><span style=\"color: #72787b; font-family: Roboto; font-size: 16px; font-style: normal; font-variant-ligatures: normal; font-variant-caps: normal; font-weight: 400; text-align: right;\">, che affianca alla qualit\u00e0 dei propri prodotti l\u2019efficienza di un servizio orientato al Cliente, servizio di cui \u00e8 possibile usufruire sempre in tempo reale.<\/span>\t\t\t\t\t\t\t\t<\/div>\n\t\t\t\t<\/div>\n\t\t\t\t\t<\/div>\n\t\t<\/div>\n\t\t\t\t<div class=\"elementor-column elementor-col-33 elementor-inner-column elementor-element elementor-element-8f12d4f\" data-id=\"8f12d4f\" data-element_type=\"column\">\n\t\t\t<div class=\"elementor-widget-wrap\">\n\t\t\t\t\t\t\t<\/div>\n\t\t<\/div>\n\t\t\t\t<div class=\"elementor-column elementor-col-33 elementor-inner-column elementor-element elementor-element-f80a22c\" data-id=\"f80a22c\" data-element_type=\"column\">\n\t\t\t<div class=\"elementor-widget-wrap elementor-element-populated\">\n\t\t\t\t\t\t<div class=\"elementor-element elementor-element-14533d6 elementor-widget elementor-widget-image\" data-id=\"14533d6\" data-element_type=\"widget\" data-widget_type=\"image.default\">\n\t\t\t\t<div class=\"elementor-widget-container\">\n\t\t\t\t\t\t\t\t\t\t\t\t\t\t\t<img fetchpriority=\"high\" decoding=\"async\" width=\"805\" height=\"1030\" src=\"https:\/\/www.tonon.it\/wp-content\/uploads\/2020\/01\/Portfolio_1000x1279-805x1030.jpg\" class=\"attachment-large size-large wp-image-3345\" alt=\"\" srcset=\"https:\/\/www.tonon.it\/wp-content\/uploads\/2020\/01\/Portfolio_1000x1279-805x1030.jpg 805w, https:\/\/www.tonon.it\/wp-content\/uploads\/2020\/01\/Portfolio_1000x1279-235x300.jpg 235w, https:\/\/www.tonon.it\/wp-content\/uploads\/2020\/01\/Portfolio_1000x1279-768x982.jpg 768w, https:\/\/www.tonon.it\/wp-content\/uploads\/2020\/01\/Portfolio_1000x1279-551x705.jpg 551w, https:\/\/www.tonon.it\/wp-content\/uploads\/2020\/01\/Portfolio_1000x1279-450x576.jpg 450w, https:\/\/www.tonon.it\/wp-content\/uploads\/2020\/01\/Portfolio_1000x1279.jpg 1000w\" sizes=\"(max-width: 805px) 100vw, 805px\" \/>\t\t\t\t\t\t\t\t\t\t\t\t\t\t\t<\/div>\n\t\t\t\t<\/div>\n\t\t\t\t\t<\/div>\n\t\t<\/div>\n\t\t\t\t\t<\/div>\n\t\t<\/section>\n\t\t\t\t<section class=\"elementor-section elementor-inner-section elementor-element elementor-element-74161e8 elementor-section-full_width elementor-reverse-tablet elementor-reverse-mobile elementor-section-height-default elementor-section-height-default\" data-id=\"74161e8\" data-element_type=\"section\">\n\t\t\t\t\t\t<div class=\"elementor-container elementor-column-gap-default\">\n\t\t\t\t\t<div class=\"elementor-column elementor-col-33 elementor-inner-column elementor-element elementor-element-fbd2cd3\" data-id=\"fbd2cd3\" data-element_type=\"column\">\n\t\t\t<div class=\"elementor-widget-wrap elementor-element-populated\">\n\t\t\t\t\t\t<div class=\"elementor-element elementor-element-48131b8 elementor-widget elementor-widget-image\" data-id=\"48131b8\" data-element_type=\"widget\" data-widget_type=\"image.default\">\n\t\t\t\t<div class=\"elementor-widget-container\">\n\t\t\t\t\t\t\t\t\t\t\t\t\t\t\t<img decoding=\"async\" width=\"805\" height=\"1030\" src=\"https:\/\/www.tonon.it\/wp-content\/uploads\/2020\/01\/Portfolio_1000x1279_2-805x1030.jpg\" class=\"attachment-large size-large wp-image-3349\" alt=\"\" srcset=\"https:\/\/www.tonon.it\/wp-content\/uploads\/2020\/01\/Portfolio_1000x1279_2-805x1030.jpg 805w, https:\/\/www.tonon.it\/wp-content\/uploads\/2020\/01\/Portfolio_1000x1279_2-235x300.jpg 235w, https:\/\/www.tonon.it\/wp-content\/uploads\/2020\/01\/Portfolio_1000x1279_2-768x982.jpg 768w, https:\/\/www.tonon.it\/wp-content\/uploads\/2020\/01\/Portfolio_1000x1279_2-551x705.jpg 551w, https:\/\/www.tonon.it\/wp-content\/uploads\/2020\/01\/Portfolio_1000x1279_2-450x576.jpg 450w, https:\/\/www.tonon.it\/wp-content\/uploads\/2020\/01\/Portfolio_1000x1279_2.jpg 1000w\" sizes=\"(max-width: 805px) 100vw, 805px\" \/>\t\t\t\t\t\t\t\t\t\t\t\t\t\t\t<\/div>\n\t\t\t\t<\/div>\n\t\t\t\t\t<\/div>\n\t\t<\/div>\n\t\t\t\t<div class=\"elementor-column elementor-col-33 elementor-inner-column elementor-element elementor-element-6bab644\" data-id=\"6bab644\" data-element_type=\"column\">\n\t\t\t<div class=\"elementor-widget-wrap\">\n\t\t\t\t\t\t\t<\/div>\n\t\t<\/div>\n\t\t\t\t<div class=\"elementor-column elementor-col-33 elementor-inner-column elementor-element elementor-element-45af25e\" data-id=\"45af25e\" data-element_type=\"column\">\n\t\t\t<div class=\"elementor-widget-wrap elementor-element-populated\">\n\t\t\t\t\t\t<div class=\"elementor-element elementor-element-2690525 elementor-widget elementor-widget-heading\" data-id=\"2690525\" data-element_type=\"widget\" data-widget_type=\"heading.default\">\n\t\t\t\t<div class=\"elementor-widget-container\">\n\t\t\t\t\t<h2 class=\"elementor-heading-title elementor-size-default\">Il processo di progettazione<\/h2>\t\t\t\t<\/div>\n\t\t\t\t<\/div>\n\t\t\t\t<div class=\"elementor-element elementor-element-ee82471 elementor-widget elementor-widget-text-editor\" data-id=\"ee82471\" data-element_type=\"widget\" data-widget_type=\"text-editor.default\">\n\t\t\t\t<div class=\"elementor-widget-container\">\n\t\t\t\t\t\t\t\t\t<p>Costituito da un team di esperti ingegneri e periti industriali, che oltre a rispondere prontamente alle esigenze del Cliente attraverso la progettazione di soluzioni sempre all\u2019avanguardia, sono impegnati nella ricerca e nello sviluppo dedicati anche al miglioramento dei prodotti esistenti. Le continue prove di affidabilit\u00e0 e di compatibilit\u00e0 tra la componentistica e la volont\u00e0 costante di miglioramento del prodotto, unite all\u2019impeccabile servizio di customer care, fanno s\u00ec che la qualit\u00e0 di\u00a0<strong>Tonon Evolution<\/strong>\u00a0 costituisca un concreto plus che l\u2019azienda pu\u00f2 offrire.<\/p>\t\t\t\t\t\t\t\t<\/div>\n\t\t\t\t<\/div>\n\t\t\t\t\t<\/div>\n\t\t<\/div>\n\t\t\t\t\t<\/div>\n\t\t<\/section>\n\t\t\t\t<section class=\"elementor-section elementor-inner-section elementor-element elementor-element-97b37bf elementor-section-full_width elementor-section-height-default elementor-section-height-default\" data-id=\"97b37bf\" data-element_type=\"section\">\n\t\t\t\t\t\t<div class=\"elementor-container elementor-column-gap-default\">\n\t\t\t\t\t<div class=\"elementor-column elementor-col-50 elementor-inner-column elementor-element elementor-element-6bcff17\" data-id=\"6bcff17\" data-element_type=\"column\">\n\t\t\t<div class=\"elementor-widget-wrap elementor-element-populated\">\n\t\t\t\t\t\t<div class=\"elementor-element elementor-element-53cf195 elementor-widget elementor-widget-heading\" data-id=\"53cf195\" data-element_type=\"widget\" data-widget_type=\"heading.default\">\n\t\t\t\t<div class=\"elementor-widget-container\">\n\t\t\t\t\t<h2 class=\"elementor-heading-title elementor-size-default\">Logistica<\/h2>\t\t\t\t<\/div>\n\t\t\t\t<\/div>\n\t\t\t\t<div class=\"elementor-element elementor-element-a334e33 elementor-widget elementor-widget-text-editor\" data-id=\"a334e33\" data-element_type=\"widget\" data-widget_type=\"text-editor.default\">\n\t\t\t\t<div class=\"elementor-widget-container\">\n\t\t\t\t\t\t\t\t\t<p><strong>Tonon Evolution<\/strong>\u00a0dispone di un sistema di logistico che le permette di poter gestire gli ordini con la massima competenza e seriet\u00e0. Il sistema logistico di\u00a0<strong>Tonon\u00a0 Evolution<\/strong>\u00a0\u00e8 frutto di diversi anni di esperienza nel commercio e nella distribuzione in diversi paesi europei ed extraeuropei, sistema che assicura la massima affidabilit\u00e0 e la puntualit\u00e0 nelle consegne.<\/p>\t\t\t\t\t\t\t\t<\/div>\n\t\t\t\t<\/div>\n\t\t\t\t<div class=\"elementor-element elementor-element-14fb772 elementor-widget elementor-widget-image\" data-id=\"14fb772\" data-element_type=\"widget\" data-widget_type=\"image.default\">\n\t\t\t\t<div class=\"elementor-widget-container\">\n\t\t\t\t\t\t\t\t\t\t\t\t\t\t\t<img decoding=\"async\" width=\"450\" height=\"293\" src=\"https:\/\/www.tonon.it\/wp-content\/uploads\/2019\/10\/IMBALLAGGIO1.jpg\" class=\"attachment-large size-large wp-image-759\" alt=\"\" srcset=\"https:\/\/www.tonon.it\/wp-content\/uploads\/2019\/10\/IMBALLAGGIO1.jpg 450w, https:\/\/www.tonon.it\/wp-content\/uploads\/2019\/10\/IMBALLAGGIO1-300x195.jpg 300w\" sizes=\"(max-width: 450px) 100vw, 450px\" \/>\t\t\t\t\t\t\t\t\t\t\t\t\t\t\t<\/div>\n\t\t\t\t<\/div>\n\t\t\t\t\t<\/div>\n\t\t<\/div>\n\t\t\t\t<div class=\"elementor-column elementor-col-50 elementor-inner-column elementor-element elementor-element-22e4eba\" data-id=\"22e4eba\" data-element_type=\"column\">\n\t\t\t<div class=\"elementor-widget-wrap elementor-element-populated\">\n\t\t\t\t\t\t<div class=\"elementor-element elementor-element-02ae018 elementor-widget elementor-widget-image\" data-id=\"02ae018\" data-element_type=\"widget\" data-widget_type=\"image.default\">\n\t\t\t\t<div class=\"elementor-widget-container\">\n\t\t\t\t\t\t\t\t\t\t\t\t\t\t\t<img loading=\"lazy\" decoding=\"async\" width=\"1024\" height=\"726\" src=\"https:\/\/www.tonon.it\/wp-content\/uploads\/2020\/01\/foto-aerea-1024x726.jpg\" class=\"attachment-large size-large wp-image-3354\" alt=\"\" srcset=\"https:\/\/www.tonon.it\/wp-content\/uploads\/2020\/01\/foto-aerea-1024x726.jpg 1024w, https:\/\/www.tonon.it\/wp-content\/uploads\/2020\/01\/foto-aerea-1024x726-300x213.jpg 300w, https:\/\/www.tonon.it\/wp-content\/uploads\/2020\/01\/foto-aerea-1024x726-768x545.jpg 768w, https:\/\/www.tonon.it\/wp-content\/uploads\/2020\/01\/foto-aerea-1024x726-260x185.jpg 260w, https:\/\/www.tonon.it\/wp-content\/uploads\/2020\/01\/foto-aerea-1024x726-705x500.jpg 705w, https:\/\/www.tonon.it\/wp-content\/uploads\/2020\/01\/foto-aerea-1024x726-450x319.jpg 450w\" sizes=\"(max-width: 1024px) 100vw, 1024px\" \/>\t\t\t\t\t\t\t\t\t\t\t\t\t\t\t<\/div>\n\t\t\t\t<\/div>\n\t\t\t\t\t<\/div>\n\t\t<\/div>\n\t\t\t\t\t<\/div>\n\t\t<\/section>\n\t\t\t\t<div class=\"elementor-element elementor-element-3248089 elementor-widget elementor-widget-spacer\" data-id=\"3248089\" data-element_type=\"widget\" data-widget_type=\"spacer.default\">\n\t\t\t\t<div class=\"elementor-widget-container\">\n\t\t\t\t\t\t\t<div class=\"elementor-spacer\">\n\t\t\t<div class=\"elementor-spacer-inner\"><\/div>\n\t\t<\/div>\n\t\t\t\t\t\t<\/div>\n\t\t\t\t<\/div>\n\t\t\t\t\t<\/div>\n\t\t<\/div>\n\t\t\t\t\t<\/div>\n\t\t<\/section>\n\t\t\t\t<\/div>\n\t\t","protected":false},"excerpt":{"rendered":"<p>Il processo commerciale Comprende personale esperto e competente che segue il Cliente dalla scelta fino al postvendita, assicurando sempre una consulenza personalizzata, sia in fase di acquisto, sia in fase d\u2019utilizzo. La soddisfazione del Cliente \u00e8 infatti il leitmotiv della filosofia aziendale&nbsp;Tonon Evolution, che affianca alla qualit\u00e0 dei propri prodotti l\u2019efficienza di un servizio orientato [&hellip;]<\/p>\n","protected":false},"author":1,"featured_media":0,"parent":0,"menu_order":0,"comment_status":"closed","ping_status":"closed","template":"","meta":{"_acf_changed":false,"footnotes":""},"class_list":["post-3698","page","type-page","status-publish","hentry"],"acf":[],"_links":{"self":[{"href":"https:\/\/www.tonon.it\/es\/wp-json\/wp\/v2\/pages\/3698","targetHints":{"allow":["GET"]}}],"collection":[{"href":"https:\/\/www.tonon.it\/es\/wp-json\/wp\/v2\/pages"}],"about":[{"href":"https:\/\/www.tonon.it\/es\/wp-json\/wp\/v2\/types\/page"}],"author":[{"embeddable":true,"href":"https:\/\/www.tonon.it\/es\/wp-json\/wp\/v2\/users\/1"}],"replies":[{"embeddable":true,"href":"https:\/\/www.tonon.it\/es\/wp-json\/wp\/v2\/comments?post=3698"}],"version-history":[{"count":1,"href":"https:\/\/www.tonon.it\/es\/wp-json\/wp\/v2\/pages\/3698\/revisions"}],"predecessor-version":[{"id":3705,"href":"https:\/\/www.tonon.it\/es\/wp-json\/wp\/v2\/pages\/3698\/revisions\/3705"}],"wp:attachment":[{"href":"https:\/\/www.tonon.it\/es\/wp-json\/wp\/v2\/media?parent=3698"}],"curies":[{"name":"wp","href":"https:\/\/api.w.org\/{rel}","templated":true}]}}